{"id":95581,"date":"2025-12-02T21:00:03","date_gmt":"2025-12-02T20:00:03","guid":{"rendered":"https:\/\/www.hirtenberg-apotheke.at\/katalog\/produkt\/hansaplast-sensitive-1-m-x-8-cm-1-pk\/"},"modified":"2025-12-02T21:00:31","modified_gmt":"2025-12-02T20:00:31","slug":"hansaplast-sensitive-1-m-x-8-cm-1-pk","status":"publish","type":"product","link":"https:\/\/www.hirtenberg-apotheke.at\/katalog\/produkt\/hansaplast-sensitive-1-m-x-8-cm-1-pk\/","title":{"rendered":"Hansaplast Sensitive 1 m x 8 cm 1 Pk."},"content":{"rendered":"<p>Hansaplast Sensitive Pflaster sind f\u00fcr empfindliche Haut und eignen sich f\u00fcr alle Arten von kleineren Wunden und Verletzungen. Das besonders hautfreundliche Material ist hypoallergen und flexibel. Hansaplast Sensitive Pflaster sind auch f\u00fcr Diabetiker geeignet, die Hautvertr\u00e4glichkeit ist dermatologisch best\u00e4tigt.&#13;<br \/>\n&#13;<br \/>\nDie nicht verklebende Wundauflage sch\u00fctzt und polstert die Wunde. Dank der zuverl\u00e4ssigen Klebkraft bieten die Pflaster sicheren Halt und verrutschen nicht. Hansaplast Sensitive Meterware und Hansaplast Sensitive Injektionspflaster sind latexfrei.<\/p>\n","protected":false},"excerpt":{"rendered":"<p>Hansaplast Sensitive Pflaster sind f\u00fcr empfindliche Haut und eignen sich f\u00fcr alle Arten von kleineren Wunden und Verletzungen. Das besonders hautfreundliche Material ist hypoallergen und flexibel. Hansaplast Sensitive Pflaster sind auch f\u00fcr Diabetiker geeignet, die Hautvertr\u00e4glichkeit ist dermatologisch best\u00e4tigt.&#13; &#13; Die nicht verklebende Wundauflage sch\u00fctzt und polstert die Wunde. Dank der zuverl\u00e4ssigen Klebkraft bieten die [&hellip;]<\/p>\n","protected":false},"featured_media":95583,"template":"","meta":{"_acf_changed":false},"product_brand":[470],"product_cat":[330],"product_tag":[],"class_list":{"0":"post-95581","1":"product","2":"type-product","3":"status-publish","4":"has-post-thumbnail","6":"product_brand-hansaplast","7":"product_cat-h","8":"pa_packungsgroesse-1-stueck","10":"first","11":"instock","12":"shipping-taxable","13":"purchasable","14":"product-type-simple"},"acf":[],"_links":{"self":[{"href":"https:\/\/www.hirtenberg-apotheke.at\/katalog\/wp-json\/wp\/v2\/product\/95581","targetHints":{"allow":["GET"]}}],"collection":[{"href":"https:\/\/www.hirtenberg-apotheke.at\/katalog\/wp-json\/wp\/v2\/product"}],"about":[{"href":"https:\/\/www.hirtenberg-apotheke.at\/katalog\/wp-json\/wp\/v2\/types\/product"}],"wp:featuredmedia":[{"embeddable":true,"href":"https:\/\/www.hirtenberg-apotheke.at\/katalog\/wp-json\/wp\/v2\/media\/95583"}],"wp:attachment":[{"href":"https:\/\/www.hirtenberg-apotheke.at\/katalog\/wp-json\/wp\/v2\/media?parent=95581"}],"wp:term":[{"taxonomy":"product_brand","embeddable":true,"href":"https:\/\/www.hirtenberg-apotheke.at\/katalog\/wp-json\/wp\/v2\/product_brand?post=95581"},{"taxonomy":"product_cat","embeddable":true,"href":"https:\/\/www.hirtenberg-apotheke.at\/katalog\/wp-json\/wp\/v2\/product_cat?post=95581"},{"taxonomy":"product_tag","embeddable":true,"href":"https:\/\/www.hirtenberg-apotheke.at\/katalog\/wp-json\/wp\/v2\/product_tag?post=95581"}],"curies":[{"name":"wp","href":"https:\/\/api.w.org\/{rel}","templated":true}]}}