{"id":95590,"date":"2025-12-02T21:00:03","date_gmt":"2025-12-02T20:00:03","guid":{"rendered":"https:\/\/www.hirtenberg-apotheke.at\/katalog\/produkt\/hansaplast-thermaplast-spiral-heat-4-stk\/"},"modified":"2025-12-02T21:00:35","modified_gmt":"2025-12-02T20:00:35","slug":"hansaplast-thermaplast-spiral-heat-4-stk","status":"publish","type":"product","link":"https:\/\/www.hirtenberg-apotheke.at\/katalog\/produkt\/hansaplast-thermaplast-spiral-heat-4-stk\/","title":{"rendered":"Hansaplast Thermaplast Spiral HEAT 4 Stk."},"content":{"rendered":"<p>Hansaplast Thermaplast Spiral HEAT Flexibel bietet eine gezielte Behandlung mit tiefenwirksamer W\u00e4rme lindert Schmerzen in Muskeln und Gelenken. Das weiche Vlies sorgt dabei f\u00fcr einen besonders hohen Tragekomfort ohne Einschr\u00e4nkung der Beweglichkeit<\/p>\n","protected":false},"excerpt":{"rendered":"<p>Hansaplast Thermaplast Spiral HEAT Flexibel bietet eine gezielte Behandlung mit tiefenwirksamer W\u00e4rme lindert Schmerzen in Muskeln und Gelenken. Das weiche Vlies sorgt dabei f\u00fcr einen besonders hohen Tragekomfort ohne Einschr\u00e4nkung der Beweglichkeit<\/p>\n","protected":false},"featured_media":95592,"template":"","meta":{"_acf_changed":false},"product_brand":[470],"product_cat":[330],"product_tag":[],"class_list":{"0":"post-95590","1":"product","2":"type-product","3":"status-publish","4":"has-post-thumbnail","6":"product_brand-hansaplast","7":"product_cat-h","8":"pa_packungsgroesse-4-stueck","10":"first","11":"instock","12":"shipping-taxable","13":"purchasable","14":"product-type-simple"},"acf":[],"_links":{"self":[{"href":"https:\/\/www.hirtenberg-apotheke.at\/katalog\/wp-json\/wp\/v2\/product\/95590","targetHints":{"allow":["GET"]}}],"collection":[{"href":"https:\/\/www.hirtenberg-apotheke.at\/katalog\/wp-json\/wp\/v2\/product"}],"about":[{"href":"https:\/\/www.hirtenberg-apotheke.at\/katalog\/wp-json\/wp\/v2\/types\/product"}],"wp:featuredmedia":[{"embeddable":true,"href":"https:\/\/www.hirtenberg-apotheke.at\/katalog\/wp-json\/wp\/v2\/media\/95592"}],"wp:attachment":[{"href":"https:\/\/www.hirtenberg-apotheke.at\/katalog\/wp-json\/wp\/v2\/media?parent=95590"}],"wp:term":[{"taxonomy":"product_brand","embeddable":true,"href":"https:\/\/www.hirtenberg-apotheke.at\/katalog\/wp-json\/wp\/v2\/product_brand?post=95590"},{"taxonomy":"product_cat","embeddable":true,"href":"https:\/\/www.hirtenberg-apotheke.at\/katalog\/wp-json\/wp\/v2\/product_cat?post=95590"},{"taxonomy":"product_tag","embeddable":true,"href":"https:\/\/www.hirtenberg-apotheke.at\/katalog\/wp-json\/wp\/v2\/product_tag?post=95590"}],"curies":[{"name":"wp","href":"https:\/\/api.w.org\/{rel}","templated":true}]}}