{"id":95602,"date":"2025-12-02T21:00:40","date_gmt":"2025-12-02T20:00:40","guid":{"rendered":"https:\/\/www.hirtenberg-apotheke.at\/katalog\/produkt\/haslingers-brennessel-shampoo-mit-kraeuter-extrakt-200-ml\/"},"modified":"2025-12-02T21:00:53","modified_gmt":"2025-12-02T20:00:53","slug":"haslingers-brennessel-shampoo-mit-kraeuter-extrakt-200-ml","status":"publish","type":"product","link":"https:\/\/www.hirtenberg-apotheke.at\/katalog\/produkt\/haslingers-brennessel-shampoo-mit-kraeuter-extrakt-200-ml\/","title":{"rendered":"Haslingers Brennessel Shampoo mit Kr\u00e4uter-Extrakt 200 ml"},"content":{"rendered":"<p>Haslinger&#8217;s Brennessel Shampoo ist reich an Mineralien und Vitaminen wirkt die Brennnessel vitalisierend auf Haar und Kopfhaut, f\u00f6rdert das Haarwachstum und hilft gegen Schuppen. Das nat\u00fcrliche Kr\u00e4utershampoo sorgt bei regelm\u00e4\u00dfiger Anwendung f\u00fcr dichtes Haar mit einem gesunden Glanz. Das Shampoo wurde ohne Tierversuche hergestellt und eignet sich besonders gut f\u00fcr schnell fettendes Haar. Haslinger Wellness Kosmetik &#8211; Qualit\u00e4t aus \u00d6sterreich! .<\/p>\n","protected":false},"excerpt":{"rendered":"<p>Haslinger&#8217;s Brennessel Shampoo ist reich an Mineralien und Vitaminen wirkt die Brennnessel vitalisierend auf Haar und Kopfhaut, f\u00f6rdert das Haarwachstum und hilft gegen Schuppen. Das nat\u00fcrliche Kr\u00e4utershampoo sorgt bei regelm\u00e4\u00dfiger Anwendung f\u00fcr dichtes Haar mit einem gesunden Glanz. Das Shampoo wurde ohne Tierversuche hergestellt und eignet sich besonders gut f\u00fcr schnell fettendes Haar. Haslinger Wellness [&hellip;]<\/p>\n","protected":false},"featured_media":95604,"template":"","meta":{"_acf_changed":false},"product_brand":[],"product_cat":[330],"product_tag":[],"class_list":{"0":"post-95602","1":"product","2":"type-product","3":"status-publish","4":"has-post-thumbnail","6":"product_cat-h","7":"pa_packungsgroesse-200ml","9":"first","10":"instock","11":"shipping-taxable","12":"purchasable","13":"product-type-simple"},"acf":[],"_links":{"self":[{"href":"https:\/\/www.hirtenberg-apotheke.at\/katalog\/wp-json\/wp\/v2\/product\/95602","targetHints":{"allow":["GET"]}}],"collection":[{"href":"https:\/\/www.hirtenberg-apotheke.at\/katalog\/wp-json\/wp\/v2\/product"}],"about":[{"href":"https:\/\/www.hirtenberg-apotheke.at\/katalog\/wp-json\/wp\/v2\/types\/product"}],"wp:featuredmedia":[{"embeddable":true,"href":"https:\/\/www.hirtenberg-apotheke.at\/katalog\/wp-json\/wp\/v2\/media\/95604"}],"wp:attachment":[{"href":"https:\/\/www.hirtenberg-apotheke.at\/katalog\/wp-json\/wp\/v2\/media?parent=95602"}],"wp:term":[{"taxonomy":"product_brand","embeddable":true,"href":"https:\/\/www.hirtenberg-apotheke.at\/katalog\/wp-json\/wp\/v2\/product_brand?post=95602"},{"taxonomy":"product_cat","embeddable":true,"href":"https:\/\/www.hirtenberg-apotheke.at\/katalog\/wp-json\/wp\/v2\/product_cat?post=95602"},{"taxonomy":"product_tag","embeddable":true,"href":"https:\/\/www.hirtenberg-apotheke.at\/katalog\/wp-json\/wp\/v2\/product_tag?post=95602"}],"curies":[{"name":"wp","href":"https:\/\/api.w.org\/{rel}","templated":true}]}}