{"id":95648,"date":"2025-12-02T21:01:41","date_gmt":"2025-12-02T20:01:41","guid":{"rendered":"https:\/\/www.hirtenberg-apotheke.at\/katalog\/produkt\/dr-hauschka-foundation-30-ml-02-almond\/"},"modified":"2025-12-02T21:02:12","modified_gmt":"2025-12-02T20:02:12","slug":"dr-hauschka-foundation-30-ml-02-almond","status":"publish","type":"product","link":"https:\/\/www.hirtenberg-apotheke.at\/katalog\/produkt\/dr-hauschka-foundation-30-ml-02-almond\/","title":{"rendered":"Dr. Hauschka Foundation 30 ml 02 Almond"},"content":{"rendered":"<p>Dr. Hauschka Foundation ist die ideale pflegende Grundlage f\u00fcr jede Haut. Der Teint erh\u00e4lt durch die lebendig-leichte bis mittlere Deckkraft ein ebenm\u00e4\u00dfiges Aussehen. Die Rezeptur mit Mineralpigmenten und Heilpflanzenausz\u00fcgen, insbesondere aus Granatapfel sowie Macadamia- und Kokosnuss\u00f6l, bewahrt den Feuchtigkeitsgehalt der Haut und sch\u00fctzt vor Umwelteinfl\u00fcssen.<\/p>\n","protected":false},"excerpt":{"rendered":"<p>Dr. Hauschka Foundation ist die ideale pflegende Grundlage f\u00fcr jede Haut. Der Teint erh\u00e4lt durch die lebendig-leichte bis mittlere Deckkraft ein ebenm\u00e4\u00dfiges Aussehen. Die Rezeptur mit Mineralpigmenten und Heilpflanzenausz\u00fcgen, insbesondere aus Granatapfel sowie Macadamia- und Kokosnuss\u00f6l, bewahrt den Feuchtigkeitsgehalt der Haut und sch\u00fctzt vor Umwelteinfl\u00fcssen.<\/p>\n","protected":false},"featured_media":0,"template":"","meta":{"_acf_changed":false},"product_brand":[728],"product_cat":[295],"product_tag":[],"class_list":{"0":"post-95648","1":"product","2":"type-product","3":"status-publish","5":"product_brand-hauschka","6":"product_cat-d","7":"pa_packungsgroesse-30ml","9":"first","10":"instock","11":"shipping-taxable","12":"purchasable","13":"product-type-simple"},"acf":[],"_links":{"self":[{"href":"https:\/\/www.hirtenberg-apotheke.at\/katalog\/wp-json\/wp\/v2\/product\/95648","targetHints":{"allow":["GET"]}}],"collection":[{"href":"https:\/\/www.hirtenberg-apotheke.at\/katalog\/wp-json\/wp\/v2\/product"}],"about":[{"href":"https:\/\/www.hirtenberg-apotheke.at\/katalog\/wp-json\/wp\/v2\/types\/product"}],"wp:attachment":[{"href":"https:\/\/www.hirtenberg-apotheke.at\/katalog\/wp-json\/wp\/v2\/media?parent=95648"}],"wp:term":[{"taxonomy":"product_brand","embeddable":true,"href":"https:\/\/www.hirtenberg-apotheke.at\/katalog\/wp-json\/wp\/v2\/product_brand?post=95648"},{"taxonomy":"product_cat","embeddable":true,"href":"https:\/\/www.hirtenberg-apotheke.at\/katalog\/wp-json\/wp\/v2\/product_cat?post=95648"},{"taxonomy":"product_tag","embeddable":true,"href":"https:\/\/www.hirtenberg-apotheke.at\/katalog\/wp-json\/wp\/v2\/product_tag?post=95648"}],"curies":[{"name":"wp","href":"https:\/\/api.w.org\/{rel}","templated":true}]}}