{"id":95715,"date":"2025-12-02T21:04:09","date_gmt":"2025-12-02T20:04:09","guid":{"rendered":"https:\/\/www.hirtenberg-apotheke.at\/katalog\/produkt\/dr-hauschka-volume-mascara-8-ml-01-black\/"},"modified":"2025-12-02T21:04:15","modified_gmt":"2025-12-02T20:04:15","slug":"dr-hauschka-volume-mascara-8-ml-01-black","status":"publish","type":"product","link":"https:\/\/www.hirtenberg-apotheke.at\/katalog\/produkt\/dr-hauschka-volume-mascara-8-ml-01-black\/","title":{"rendered":"Dr. Hauschka Volume Mascara 8 ml 01 black"},"content":{"rendered":"<p>Dr. Hauschka Volume Mascara schenkt Ihnen den gro\u00dfen Augenauftritt &#8211; Er verdichtet schwungvoll den Wimpernkranz und verleiht einen volumin\u00f6sen Augenaufschlag. Die Rezeptur mit Mineralpigmenten und Heilpflanzenausz\u00fcgen, insbesondere aus Quittensamen, sowie Seide und Candelillawachs umh\u00fcllt jede einzelne Wimper &#8211; jetzt alle Make-up Produkte von Dr. Hauschka bestellen!<\/p>\n","protected":false},"excerpt":{"rendered":"<p>Dr. Hauschka Volume Mascara schenkt Ihnen den gro\u00dfen Augenauftritt &#8211; Er verdichtet schwungvoll den Wimpernkranz und verleiht einen volumin\u00f6sen Augenaufschlag. Die Rezeptur mit Mineralpigmenten und Heilpflanzenausz\u00fcgen, insbesondere aus Quittensamen, sowie Seide und Candelillawachs umh\u00fcllt jede einzelne Wimper &#8211; jetzt alle Make-up Produkte von Dr. Hauschka bestellen!<\/p>\n","protected":false},"featured_media":95717,"template":"","meta":{"_acf_changed":false},"product_brand":[728],"product_cat":[295],"product_tag":[],"class_list":{"0":"post-95715","1":"product","2":"type-product","3":"status-publish","4":"has-post-thumbnail","6":"product_brand-hauschka","7":"product_cat-d","8":"pa_packungsgroesse-1-stueck","10":"first","11":"instock","12":"shipping-taxable","13":"purchasable","14":"product-type-simple"},"acf":[],"_links":{"self":[{"href":"https:\/\/www.hirtenberg-apotheke.at\/katalog\/wp-json\/wp\/v2\/product\/95715","targetHints":{"allow":["GET"]}}],"collection":[{"href":"https:\/\/www.hirtenberg-apotheke.at\/katalog\/wp-json\/wp\/v2\/product"}],"about":[{"href":"https:\/\/www.hirtenberg-apotheke.at\/katalog\/wp-json\/wp\/v2\/types\/product"}],"wp:featuredmedia":[{"embeddable":true,"href":"https:\/\/www.hirtenberg-apotheke.at\/katalog\/wp-json\/wp\/v2\/media\/95717"}],"wp:attachment":[{"href":"https:\/\/www.hirtenberg-apotheke.at\/katalog\/wp-json\/wp\/v2\/media?parent=95715"}],"wp:term":[{"taxonomy":"product_brand","embeddable":true,"href":"https:\/\/www.hirtenberg-apotheke.at\/katalog\/wp-json\/wp\/v2\/product_brand?post=95715"},{"taxonomy":"product_cat","embeddable":true,"href":"https:\/\/www.hirtenberg-apotheke.at\/katalog\/wp-json\/wp\/v2\/product_cat?post=95715"},{"taxonomy":"product_tag","embeddable":true,"href":"https:\/\/www.hirtenberg-apotheke.at\/katalog\/wp-json\/wp\/v2\/product_tag?post=95715"}],"curies":[{"name":"wp","href":"https:\/\/api.w.org\/{rel}","templated":true}]}}