{"id":95724,"date":"2025-12-02T21:04:18","date_gmt":"2025-12-02T20:04:18","guid":{"rendered":"https:\/\/www.hirtenberg-apotheke.at\/katalog\/produkt\/hedrin-once-liquid-gel-100-ml\/"},"modified":"2025-12-02T21:04:39","modified_gmt":"2025-12-02T20:04:39","slug":"hedrin-once-liquid-gel-100-ml","status":"publish","type":"product","link":"https:\/\/www.hirtenberg-apotheke.at\/katalog\/produkt\/hedrin-once-liquid-gel-100-ml\/","title":{"rendered":"Hedrin Once Liquid Gel 100 ml"},"content":{"rendered":"<p>Wer unter Kopfl\u00e4usen leidet, sollte schnell handeln, um eine weitere Ausbreitung zu verhindern. Dabei hilft Hedrin\u00ae Once Liquid Gel. Mit dem patentierten Inhaltsstoff Penetrol\u00ae und 4 % Dimeticon bek\u00e4mpft das Pr\u00e4parat L\u00e4use und Nissen auf physikalische Weise \u2013 und kommt dabei ohne Pestizide aus. Hedrin Once Liquid Gel hat eine Einwirkzeit von 15 Minuten und wirkt bereits nach nur einer Anwendung. Dabei ist das Gel besonders hautfreundlich und gut vertr\u00e4glich, sodass es auch bei Kindern ab 6 Monaten angewendet werden kann.<\/p>\n","protected":false},"excerpt":{"rendered":"<p>Wer unter Kopfl\u00e4usen leidet, sollte schnell handeln, um eine weitere Ausbreitung zu verhindern. Dabei hilft Hedrin\u00ae Once Liquid Gel. Mit dem patentierten Inhaltsstoff Penetrol\u00ae und 4 % Dimeticon bek\u00e4mpft das Pr\u00e4parat L\u00e4use und Nissen auf physikalische Weise \u2013 und kommt dabei ohne Pestizide aus. Hedrin Once Liquid Gel hat eine Einwirkzeit von 15 Minuten und [&hellip;]<\/p>\n","protected":false},"featured_media":95726,"template":"","meta":{"_acf_changed":false},"product_brand":[],"product_cat":[330],"product_tag":[],"class_list":{"0":"post-95724","1":"product","2":"type-product","3":"status-publish","4":"has-post-thumbnail","6":"product_cat-h","7":"pa_packungsgroesse-100ml","9":"first","10":"instock","11":"shipping-taxable","12":"purchasable","13":"product-type-simple"},"acf":[],"_links":{"self":[{"href":"https:\/\/www.hirtenberg-apotheke.at\/katalog\/wp-json\/wp\/v2\/product\/95724","targetHints":{"allow":["GET"]}}],"collection":[{"href":"https:\/\/www.hirtenberg-apotheke.at\/katalog\/wp-json\/wp\/v2\/product"}],"about":[{"href":"https:\/\/www.hirtenberg-apotheke.at\/katalog\/wp-json\/wp\/v2\/types\/product"}],"wp:featuredmedia":[{"embeddable":true,"href":"https:\/\/www.hirtenberg-apotheke.at\/katalog\/wp-json\/wp\/v2\/media\/95726"}],"wp:attachment":[{"href":"https:\/\/www.hirtenberg-apotheke.at\/katalog\/wp-json\/wp\/v2\/media?parent=95724"}],"wp:term":[{"taxonomy":"product_brand","embeddable":true,"href":"https:\/\/www.hirtenberg-apotheke.at\/katalog\/wp-json\/wp\/v2\/product_brand?post=95724"},{"taxonomy":"product_cat","embeddable":true,"href":"https:\/\/www.hirtenberg-apotheke.at\/katalog\/wp-json\/wp\/v2\/product_cat?post=95724"},{"taxonomy":"product_tag","embeddable":true,"href":"https:\/\/www.hirtenberg-apotheke.at\/katalog\/wp-json\/wp\/v2\/product_tag?post=95724"}],"curies":[{"name":"wp","href":"https:\/\/api.w.org\/{rel}","templated":true}]}}