{"id":95745,"date":"2025-12-02T21:04:59","date_gmt":"2025-12-02T20:04:59","guid":{"rendered":"https:\/\/www.hirtenberg-apotheke.at\/katalog\/produkt\/helfe-haemorrhozyn-salbe-50-g\/"},"modified":"2025-12-02T21:05:15","modified_gmt":"2025-12-02T20:05:15","slug":"helfe-haemorrhozyn-salbe-50-g","status":"publish","type":"product","link":"https:\/\/www.hirtenberg-apotheke.at\/katalog\/produkt\/helfe-haemorrhozyn-salbe-50-g\/","title":{"rendered":"HELFE H\u00e4morrhozyn Salbe 50 g"},"content":{"rendered":"<p>HELFE H\u00e4morrhozyn ist eine pflanzliche Salbe mit Eichenrindenextrakt und eignet sich zur Stillung h\u00e4morrhoidaler Beschwerden. Sie unterst\u00fctzt bei der Regeneration von juckender, ger\u00f6teter und geschwollener Haut im Analbereich.<\/p>\n<p>&#13;<\/p>\n<p><strong>Wirkung:<\/strong><\/p>\n<p>&#13;<\/p>\n<ul>&#13;<\/p>\n<li>Adstringierend<\/li>\n<p>&#13;<\/p>\n<li>Hautfestigend<\/li>\n<p>&#13;\n<\/ul>\n","protected":false},"excerpt":{"rendered":"<p>HELFE H\u00e4morrhozyn ist eine pflanzliche Salbe mit Eichenrindenextrakt und eignet sich zur Stillung h\u00e4morrhoidaler Beschwerden. Sie unterst\u00fctzt bei der Regeneration von juckender, ger\u00f6teter und geschwollener Haut im Analbereich. &#13; Wirkung: &#13; &#13; Adstringierend &#13; Hautfestigend &#13;<\/p>\n","protected":false},"featured_media":0,"template":"","meta":{"_acf_changed":false},"product_brand":[],"product_cat":[330],"product_tag":[],"class_list":{"0":"post-95745","1":"product","2":"type-product","3":"status-publish","5":"product_cat-h","6":"pa_packungsgroesse-50g","8":"first","9":"instock","10":"shipping-taxable","11":"purchasable","12":"product-type-simple"},"acf":[],"_links":{"self":[{"href":"https:\/\/www.hirtenberg-apotheke.at\/katalog\/wp-json\/wp\/v2\/product\/95745","targetHints":{"allow":["GET"]}}],"collection":[{"href":"https:\/\/www.hirtenberg-apotheke.at\/katalog\/wp-json\/wp\/v2\/product"}],"about":[{"href":"https:\/\/www.hirtenberg-apotheke.at\/katalog\/wp-json\/wp\/v2\/types\/product"}],"wp:attachment":[{"href":"https:\/\/www.hirtenberg-apotheke.at\/katalog\/wp-json\/wp\/v2\/media?parent=95745"}],"wp:term":[{"taxonomy":"product_brand","embeddable":true,"href":"https:\/\/www.hirtenberg-apotheke.at\/katalog\/wp-json\/wp\/v2\/product_brand?post=95745"},{"taxonomy":"product_cat","embeddable":true,"href":"https:\/\/www.hirtenberg-apotheke.at\/katalog\/wp-json\/wp\/v2\/product_cat?post=95745"},{"taxonomy":"product_tag","embeddable":true,"href":"https:\/\/www.hirtenberg-apotheke.at\/katalog\/wp-json\/wp\/v2\/product_tag?post=95745"}],"curies":[{"name":"wp","href":"https:\/\/api.w.org\/{rel}","templated":true}]}}