{"id":95753,"date":"2025-12-02T21:05:19","date_gmt":"2025-12-02T20:05:19","guid":{"rendered":"https:\/\/www.hirtenberg-apotheke.at\/katalog\/produkt\/henna-plus-colour-boost-200-ml-warmbrown\/"},"modified":"2025-12-02T21:05:26","modified_gmt":"2025-12-02T20:05:26","slug":"henna-plus-colour-boost-200-ml-warmbrown","status":"publish","type":"product","link":"https:\/\/www.hirtenberg-apotheke.at\/katalog\/produkt\/henna-plus-colour-boost-200-ml-warmbrown\/","title":{"rendered":"Henna Plus Colour Boost 200 ml Warmbrown"},"content":{"rendered":"<p>Henna Plus Colour Boost intensiviert und frischt die nat\u00fcrliche oder gef\u00e4rbte Haarfarbe mit einem kr\u00e4ftigen und nat\u00fcrlichen Glanz auf. Die einzige ammoniak- und peroxidfreie Formel mit Colour Match Technologie bringt Ihrer Haarfarbe die urspr\u00fcngliche Kraft, Lebendigkeit und den Glanz zur\u00fcck.<\/p>\n","protected":false},"excerpt":{"rendered":"<p>Henna Plus Colour Boost intensiviert und frischt die nat\u00fcrliche oder gef\u00e4rbte Haarfarbe mit einem kr\u00e4ftigen und nat\u00fcrlichen Glanz auf. Die einzige ammoniak- und peroxidfreie Formel mit Colour Match Technologie bringt Ihrer Haarfarbe die urspr\u00fcngliche Kraft, Lebendigkeit und den Glanz zur\u00fcck.<\/p>\n","protected":false},"featured_media":95755,"template":"","meta":{"_acf_changed":false},"product_brand":[1456],"product_cat":[330],"product_tag":[],"class_list":{"0":"post-95753","1":"product","2":"type-product","3":"status-publish","4":"has-post-thumbnail","6":"product_brand-hennaplus","7":"product_cat-h","8":"pa_packungsgroesse-200ml","10":"first","11":"instock","12":"shipping-taxable","13":"purchasable","14":"product-type-simple"},"acf":[],"_links":{"self":[{"href":"https:\/\/www.hirtenberg-apotheke.at\/katalog\/wp-json\/wp\/v2\/product\/95753","targetHints":{"allow":["GET"]}}],"collection":[{"href":"https:\/\/www.hirtenberg-apotheke.at\/katalog\/wp-json\/wp\/v2\/product"}],"about":[{"href":"https:\/\/www.hirtenberg-apotheke.at\/katalog\/wp-json\/wp\/v2\/types\/product"}],"wp:featuredmedia":[{"embeddable":true,"href":"https:\/\/www.hirtenberg-apotheke.at\/katalog\/wp-json\/wp\/v2\/media\/95755"}],"wp:attachment":[{"href":"https:\/\/www.hirtenberg-apotheke.at\/katalog\/wp-json\/wp\/v2\/media?parent=95753"}],"wp:term":[{"taxonomy":"product_brand","embeddable":true,"href":"https:\/\/www.hirtenberg-apotheke.at\/katalog\/wp-json\/wp\/v2\/product_brand?post=95753"},{"taxonomy":"product_cat","embeddable":true,"href":"https:\/\/www.hirtenberg-apotheke.at\/katalog\/wp-json\/wp\/v2\/product_cat?post=95753"},{"taxonomy":"product_tag","embeddable":true,"href":"https:\/\/www.hirtenberg-apotheke.at\/katalog\/wp-json\/wp\/v2\/product_tag?post=95753"}],"curies":[{"name":"wp","href":"https:\/\/api.w.org\/{rel}","templated":true}]}}