{"id":95918,"date":"2025-12-02T21:11:03","date_gmt":"2025-12-02T20:11:03","guid":{"rendered":"https:\/\/www.hirtenberg-apotheke.at\/katalog\/produkt\/life-light-alpensegen-herzgespann-kraeuteressenz-50-ml\/"},"modified":"2025-12-02T21:11:47","modified_gmt":"2025-12-02T20:11:47","slug":"life-light-alpensegen-herzgespann-kraeuteressenz-50-ml","status":"publish","type":"product","link":"https:\/\/www.hirtenberg-apotheke.at\/katalog\/produkt\/life-light-alpensegen-herzgespann-kraeuteressenz-50-ml\/","title":{"rendered":"Life Light Alpensegen Herzgespann Kr\u00e4uteressenz 50 ml"},"content":{"rendered":"<p>Herzgespann Kr\u00e4uter Essenz Life Light ist ein ganzheitliches Kr\u00e4uterdestillat aus heimischem Herzgespann. Herzgespann wird bei nerv\u00f6sen Herzbeschwerden sowie zur unterst\u00fctzenden Behandlung der Schilddr\u00fcsen\u00fcberfunktion eingesetzt. Dar\u00fcber hinaus wird das Kraut bei Verdauungsbeschwerden, Wechseljahresbeschwerden und auch als Beruhigungsmittel angewendet.<\/p>\n","protected":false},"excerpt":{"rendered":"<p>Herzgespann Kr\u00e4uter Essenz Life Light ist ein ganzheitliches Kr\u00e4uterdestillat aus heimischem Herzgespann. Herzgespann wird bei nerv\u00f6sen Herzbeschwerden sowie zur unterst\u00fctzenden Behandlung der Schilddr\u00fcsen\u00fcberfunktion eingesetzt. Dar\u00fcber hinaus wird das Kraut bei Verdauungsbeschwerden, Wechseljahresbeschwerden und auch als Beruhigungsmittel angewendet.<\/p>\n","protected":false},"featured_media":95920,"template":"","meta":{"_acf_changed":false},"product_brand":[],"product_cat":[317],"product_tag":[],"class_list":{"0":"post-95918","1":"product","2":"type-product","3":"status-publish","4":"has-post-thumbnail","6":"product_cat-l","7":"pa_packungsgroesse-50ml","9":"first","10":"instock","11":"shipping-taxable","12":"purchasable","13":"product-type-simple"},"acf":[],"_links":{"self":[{"href":"https:\/\/www.hirtenberg-apotheke.at\/katalog\/wp-json\/wp\/v2\/product\/95918","targetHints":{"allow":["GET"]}}],"collection":[{"href":"https:\/\/www.hirtenberg-apotheke.at\/katalog\/wp-json\/wp\/v2\/product"}],"about":[{"href":"https:\/\/www.hirtenberg-apotheke.at\/katalog\/wp-json\/wp\/v2\/types\/product"}],"wp:featuredmedia":[{"embeddable":true,"href":"https:\/\/www.hirtenberg-apotheke.at\/katalog\/wp-json\/wp\/v2\/media\/95920"}],"wp:attachment":[{"href":"https:\/\/www.hirtenberg-apotheke.at\/katalog\/wp-json\/wp\/v2\/media?parent=95918"}],"wp:term":[{"taxonomy":"product_brand","embeddable":true,"href":"https:\/\/www.hirtenberg-apotheke.at\/katalog\/wp-json\/wp\/v2\/product_brand?post=95918"},{"taxonomy":"product_cat","embeddable":true,"href":"https:\/\/www.hirtenberg-apotheke.at\/katalog\/wp-json\/wp\/v2\/product_cat?post=95918"},{"taxonomy":"product_tag","embeddable":true,"href":"https:\/\/www.hirtenberg-apotheke.at\/katalog\/wp-json\/wp\/v2\/product_tag?post=95918"}],"curies":[{"name":"wp","href":"https:\/\/api.w.org\/{rel}","templated":true}]}}