{"id":95983,"date":"2025-12-02T21:12:48","date_gmt":"2025-12-02T20:12:48","guid":{"rendered":"https:\/\/www.hirtenberg-apotheke.at\/katalog\/produkt\/ginkgo-lecithin-plus-bonbons-100g\/"},"modified":"2025-12-02T21:12:58","modified_gmt":"2025-12-02T20:12:58","slug":"ginkgo-lecithin-plus-bonbons-100g","status":"publish","type":"product","link":"https:\/\/www.hirtenberg-apotheke.at\/katalog\/produkt\/ginkgo-lecithin-plus-bonbons-100g\/","title":{"rendered":"GINKGO LECITHIN PLUS Bonbons 100g"},"content":{"rendered":"<p>GINKGO LECITHIN PLUS Bonbons 100g ist das Bonbon mit Vitalstoffen f\u00fcr die ganze Familie. Mit 10 Vitaminen, den Vitalstoffen Ginkgo und Lecithin f\u00f6rdert es die geistige Fitness. Mit k\u00f6stlichen Karamell-Geschmack.<\/p>\n","protected":false},"excerpt":{"rendered":"<p>GINKGO LECITHIN PLUS Bonbons 100g ist das Bonbon mit Vitalstoffen f\u00fcr die ganze Familie. Mit 10 Vitaminen, den Vitalstoffen Ginkgo und Lecithin f\u00f6rdert es die geistige Fitness. Mit k\u00f6stlichen Karamell-Geschmack.<\/p>\n","protected":false},"featured_media":95985,"template":"","meta":{"_acf_changed":false},"product_brand":[],"product_cat":[328],"product_tag":[],"class_list":{"0":"post-95983","1":"product","2":"type-product","3":"status-publish","4":"has-post-thumbnail","6":"product_cat-g","7":"pa_packungsgroesse-100g","9":"first","10":"instock","11":"shipping-taxable","12":"purchasable","13":"product-type-simple"},"acf":[],"_links":{"self":[{"href":"https:\/\/www.hirtenberg-apotheke.at\/katalog\/wp-json\/wp\/v2\/product\/95983","targetHints":{"allow":["GET"]}}],"collection":[{"href":"https:\/\/www.hirtenberg-apotheke.at\/katalog\/wp-json\/wp\/v2\/product"}],"about":[{"href":"https:\/\/www.hirtenberg-apotheke.at\/katalog\/wp-json\/wp\/v2\/types\/product"}],"wp:featuredmedia":[{"embeddable":true,"href":"https:\/\/www.hirtenberg-apotheke.at\/katalog\/wp-json\/wp\/v2\/media\/95985"}],"wp:attachment":[{"href":"https:\/\/www.hirtenberg-apotheke.at\/katalog\/wp-json\/wp\/v2\/media?parent=95983"}],"wp:term":[{"taxonomy":"product_brand","embeddable":true,"href":"https:\/\/www.hirtenberg-apotheke.at\/katalog\/wp-json\/wp\/v2\/product_brand?post=95983"},{"taxonomy":"product_cat","embeddable":true,"href":"https:\/\/www.hirtenberg-apotheke.at\/katalog\/wp-json\/wp\/v2\/product_cat?post=95983"},{"taxonomy":"product_tag","embeddable":true,"href":"https:\/\/www.hirtenberg-apotheke.at\/katalog\/wp-json\/wp\/v2\/product_tag?post=95983"}],"curies":[{"name":"wp","href":"https:\/\/api.w.org\/{rel}","templated":true}]}}