{"id":96122,"date":"2025-12-02T21:14:39","date_gmt":"2025-12-02T20:14:39","guid":{"rendered":"https:\/\/www.hirtenberg-apotheke.at\/katalog\/produkt\/green-light-tabletten-120-stk\/"},"modified":"2025-12-02T21:14:42","modified_gmt":"2025-12-02T20:14:42","slug":"green-light-tabletten-120-stk","status":"publish","type":"product","link":"https:\/\/www.hirtenberg-apotheke.at\/katalog\/produkt\/green-light-tabletten-120-stk\/","title":{"rendered":"Green Light Tabletten 120 Stk."},"content":{"rendered":"<p>Green Light Tabletten nutzen das Zusammenspiel aus hochwertigem Algen mit Kamutsaft- und Gerstengrassaft f\u00fcr die Steigerung der Konzentration, Aufmerksamkeit und optimalen Versorgung des K\u00f6rpers bei geistiger Beanspruchung. Blaugr\u00fcne AFA-Algen sorgen f\u00fcr die Reparatur gesch\u00e4digter DNA, w\u00e4hrend Spirulina Algen die Zellen st\u00e4rken und verteidigen und die Gr\u00fcnalgen Chlorella Schwermetalle ausleiten.<\/p>\n","protected":false},"excerpt":{"rendered":"<p>Green Light Tabletten nutzen das Zusammenspiel aus hochwertigem Algen mit Kamutsaft- und Gerstengrassaft f\u00fcr die Steigerung der Konzentration, Aufmerksamkeit und optimalen Versorgung des K\u00f6rpers bei geistiger Beanspruchung. Blaugr\u00fcne AFA-Algen sorgen f\u00fcr die Reparatur gesch\u00e4digter DNA, w\u00e4hrend Spirulina Algen die Zellen st\u00e4rken und verteidigen und die Gr\u00fcnalgen Chlorella Schwermetalle ausleiten.<\/p>\n","protected":false},"featured_media":0,"template":"","meta":{"_acf_changed":false},"product_brand":[],"product_cat":[328],"product_tag":[],"class_list":{"0":"post-96122","1":"product","2":"type-product","3":"status-publish","5":"product_cat-g","6":"pa_packungsgroesse-120-stueck","8":"first","9":"instock","10":"shipping-taxable","11":"purchasable","12":"product-type-simple"},"acf":[],"_links":{"self":[{"href":"https:\/\/www.hirtenberg-apotheke.at\/katalog\/wp-json\/wp\/v2\/product\/96122","targetHints":{"allow":["GET"]}}],"collection":[{"href":"https:\/\/www.hirtenberg-apotheke.at\/katalog\/wp-json\/wp\/v2\/product"}],"about":[{"href":"https:\/\/www.hirtenberg-apotheke.at\/katalog\/wp-json\/wp\/v2\/types\/product"}],"wp:attachment":[{"href":"https:\/\/www.hirtenberg-apotheke.at\/katalog\/wp-json\/wp\/v2\/media?parent=96122"}],"wp:term":[{"taxonomy":"product_brand","embeddable":true,"href":"https:\/\/www.hirtenberg-apotheke.at\/katalog\/wp-json\/wp\/v2\/product_brand?post=96122"},{"taxonomy":"product_cat","embeddable":true,"href":"https:\/\/www.hirtenberg-apotheke.at\/katalog\/wp-json\/wp\/v2\/product_cat?post=96122"},{"taxonomy":"product_tag","embeddable":true,"href":"https:\/\/www.hirtenberg-apotheke.at\/katalog\/wp-json\/wp\/v2\/product_tag?post=96122"}],"curies":[{"name":"wp","href":"https:\/\/api.w.org\/{rel}","templated":true}]}}