{"id":96355,"date":"2025-12-02T21:19:12","date_gmt":"2025-12-02T20:19:12","guid":{"rendered":"https:\/\/www.hirtenberg-apotheke.at\/katalog\/produkt\/hayek-brunnenkress-saft-200-ml\/"},"modified":"2025-12-02T21:19:15","modified_gmt":"2025-12-02T20:19:15","slug":"hayek-brunnenkress-saft-200-ml","status":"publish","type":"product","link":"https:\/\/www.hirtenberg-apotheke.at\/katalog\/produkt\/hayek-brunnenkress-saft-200-ml\/","title":{"rendered":"Hayek Brunnenkress Saft 200 ml"},"content":{"rendered":"<p>Hayek Brunnenkress Saft wurde ohne jeden Zusatz von chemischen Konservierungsmitteln, k\u00fcnstlichen Farbstoffen oder anderen Zusatzstoffen abgef\u00fcllt. Pflanzens\u00e4fte dienen seit langer Zeit als altbew\u00e4hrtes Hausmittel. Es werden Ihnen, auf Erfahrung gebaut, in der Volksmedizin spezifische milde Wirkungen zugeschrieben.<\/p>\n","protected":false},"excerpt":{"rendered":"<p>Hayek Brunnenkress Saft wurde ohne jeden Zusatz von chemischen Konservierungsmitteln, k\u00fcnstlichen Farbstoffen oder anderen Zusatzstoffen abgef\u00fcllt. Pflanzens\u00e4fte dienen seit langer Zeit als altbew\u00e4hrtes Hausmittel. Es werden Ihnen, auf Erfahrung gebaut, in der Volksmedizin spezifische milde Wirkungen zugeschrieben.<\/p>\n","protected":false},"featured_media":0,"template":"","meta":{"_acf_changed":false},"product_brand":[],"product_cat":[330],"product_tag":[],"class_list":{"0":"post-96355","1":"product","2":"type-product","3":"status-publish","5":"product_cat-h","6":"pa_packungsgroesse-200ml","8":"first","9":"instock","10":"shipping-taxable","11":"purchasable","12":"product-type-simple"},"acf":[],"_links":{"self":[{"href":"https:\/\/www.hirtenberg-apotheke.at\/katalog\/wp-json\/wp\/v2\/product\/96355","targetHints":{"allow":["GET"]}}],"collection":[{"href":"https:\/\/www.hirtenberg-apotheke.at\/katalog\/wp-json\/wp\/v2\/product"}],"about":[{"href":"https:\/\/www.hirtenberg-apotheke.at\/katalog\/wp-json\/wp\/v2\/types\/product"}],"wp:attachment":[{"href":"https:\/\/www.hirtenberg-apotheke.at\/katalog\/wp-json\/wp\/v2\/media?parent=96355"}],"wp:term":[{"taxonomy":"product_brand","embeddable":true,"href":"https:\/\/www.hirtenberg-apotheke.at\/katalog\/wp-json\/wp\/v2\/product_brand?post=96355"},{"taxonomy":"product_cat","embeddable":true,"href":"https:\/\/www.hirtenberg-apotheke.at\/katalog\/wp-json\/wp\/v2\/product_cat?post=96355"},{"taxonomy":"product_tag","embeddable":true,"href":"https:\/\/www.hirtenberg-apotheke.at\/katalog\/wp-json\/wp\/v2\/product_tag?post=96355"}],"curies":[{"name":"wp","href":"https:\/\/api.w.org\/{rel}","templated":true}]}}