{"id":96535,"date":"2025-12-02T21:22:16","date_gmt":"2025-12-02T20:22:16","guid":{"rendered":"https:\/\/www.hirtenberg-apotheke.at\/katalog\/produkt\/hipp-babysanft-waschente-nachfueller-250ml\/"},"modified":"2025-12-02T21:22:23","modified_gmt":"2025-12-02T20:22:23","slug":"hipp-babysanft-waschente-nachfueller-250ml","status":"publish","type":"product","link":"https:\/\/www.hirtenberg-apotheke.at\/katalog\/produkt\/hipp-babysanft-waschente-nachfueller-250ml\/","title":{"rendered":"Hipp Babysanft Waschente Nachf\u00fcller 250ml"},"content":{"rendered":"<p>Dieses Hipp Babysanft Produkt dient zum Nachf\u00fcllen der Hipp Babysanft Waschente &#8211; einer von \u00fcber 30.000 Artikeln, den Sie online vorbestellen k\u00f6nnen!<\/p>\n","protected":false},"excerpt":{"rendered":"<p>Dieses Hipp Babysanft Produkt dient zum Nachf\u00fcllen der Hipp Babysanft Waschente &#8211; einer von \u00fcber 30.000 Artikeln, den Sie online vorbestellen k\u00f6nnen!<\/p>\n","protected":false},"featured_media":96537,"template":"","meta":{"_acf_changed":false},"product_brand":[],"product_cat":[330],"product_tag":[],"class_list":{"0":"post-96535","1":"product","2":"type-product","3":"status-publish","4":"has-post-thumbnail","6":"product_cat-h","7":"pa_packungsgroesse-250ml","9":"first","10":"instock","11":"shipping-taxable","12":"purchasable","13":"product-type-simple"},"acf":[],"_links":{"self":[{"href":"https:\/\/www.hirtenberg-apotheke.at\/katalog\/wp-json\/wp\/v2\/product\/96535","targetHints":{"allow":["GET"]}}],"collection":[{"href":"https:\/\/www.hirtenberg-apotheke.at\/katalog\/wp-json\/wp\/v2\/product"}],"about":[{"href":"https:\/\/www.hirtenberg-apotheke.at\/katalog\/wp-json\/wp\/v2\/types\/product"}],"wp:featuredmedia":[{"embeddable":true,"href":"https:\/\/www.hirtenberg-apotheke.at\/katalog\/wp-json\/wp\/v2\/media\/96537"}],"wp:attachment":[{"href":"https:\/\/www.hirtenberg-apotheke.at\/katalog\/wp-json\/wp\/v2\/media?parent=96535"}],"wp:term":[{"taxonomy":"product_brand","embeddable":true,"href":"https:\/\/www.hirtenberg-apotheke.at\/katalog\/wp-json\/wp\/v2\/product_brand?post=96535"},{"taxonomy":"product_cat","embeddable":true,"href":"https:\/\/www.hirtenberg-apotheke.at\/katalog\/wp-json\/wp\/v2\/product_cat?post=96535"},{"taxonomy":"product_tag","embeddable":true,"href":"https:\/\/www.hirtenberg-apotheke.at\/katalog\/wp-json\/wp\/v2\/product_tag?post=96535"}],"curies":[{"name":"wp","href":"https:\/\/api.w.org\/{rel}","templated":true}]}}