{"id":96566,"date":"2025-12-02T21:23:00","date_gmt":"2025-12-02T20:23:00","guid":{"rendered":"https:\/\/www.hirtenberg-apotheke.at\/katalog\/produkt\/homedi-kind-kaelteschutz-balsam-30-g\/"},"modified":"2025-12-02T21:23:20","modified_gmt":"2025-12-02T20:23:20","slug":"homedi-kind-kaelteschutz-balsam-30-g","status":"publish","type":"product","link":"https:\/\/www.hirtenberg-apotheke.at\/katalog\/produkt\/homedi-kind-kaelteschutz-balsam-30-g\/","title":{"rendered":"Homedi-Kind K\u00e4lteschutz Balsam 30 g"},"content":{"rendered":"<p>Homedi-Kind K\u00e4lteschutz Balsam ist wasserfrei und sorgt bei Wind und Wetter f\u00fcr Schutz und angenehme Pflege.<\/p>\n","protected":false},"excerpt":{"rendered":"<p>Homedi-Kind K\u00e4lteschutz Balsam ist wasserfrei und sorgt bei Wind und Wetter f\u00fcr Schutz und angenehme Pflege.<\/p>\n","protected":false},"featured_media":96568,"template":"","meta":{"_acf_changed":false},"product_brand":[1460],"product_cat":[330],"product_tag":[],"class_list":{"0":"post-96566","1":"product","2":"type-product","3":"status-publish","4":"has-post-thumbnail","6":"product_brand-homedi-kind","7":"product_cat-h","8":"pa_packungsgroesse-30g","10":"first","11":"instock","12":"shipping-taxable","13":"purchasable","14":"product-type-simple"},"acf":[],"_links":{"self":[{"href":"https:\/\/www.hirtenberg-apotheke.at\/katalog\/wp-json\/wp\/v2\/product\/96566","targetHints":{"allow":["GET"]}}],"collection":[{"href":"https:\/\/www.hirtenberg-apotheke.at\/katalog\/wp-json\/wp\/v2\/product"}],"about":[{"href":"https:\/\/www.hirtenberg-apotheke.at\/katalog\/wp-json\/wp\/v2\/types\/product"}],"wp:featuredmedia":[{"embeddable":true,"href":"https:\/\/www.hirtenberg-apotheke.at\/katalog\/wp-json\/wp\/v2\/media\/96568"}],"wp:attachment":[{"href":"https:\/\/www.hirtenberg-apotheke.at\/katalog\/wp-json\/wp\/v2\/media?parent=96566"}],"wp:term":[{"taxonomy":"product_brand","embeddable":true,"href":"https:\/\/www.hirtenberg-apotheke.at\/katalog\/wp-json\/wp\/v2\/product_brand?post=96566"},{"taxonomy":"product_cat","embeddable":true,"href":"https:\/\/www.hirtenberg-apotheke.at\/katalog\/wp-json\/wp\/v2\/product_cat?post=96566"},{"taxonomy":"product_tag","embeddable":true,"href":"https:\/\/www.hirtenberg-apotheke.at\/katalog\/wp-json\/wp\/v2\/product_tag?post=96566"}],"curies":[{"name":"wp","href":"https:\/\/api.w.org\/{rel}","templated":true}]}}