{"id":96578,"date":"2025-12-02T21:23:24","date_gmt":"2025-12-02T20:23:24","guid":{"rendered":"https:\/\/www.hirtenberg-apotheke.at\/katalog\/produkt\/homedi-kind-schwangerschaftsoel-100-ml\/"},"modified":"2025-12-02T21:23:31","modified_gmt":"2025-12-02T20:23:31","slug":"homedi-kind-schwangerschaftsoel-100-ml","status":"publish","type":"product","link":"https:\/\/www.hirtenberg-apotheke.at\/katalog\/produkt\/homedi-kind-schwangerschaftsoel-100-ml\/","title":{"rendered":"Homedi-Kind Schwangerschafts\u00f6l 100 ml"},"content":{"rendered":"<p>Homedi-Kind\u00ae Schwangerschafts\u00f6l ist eine Kombination aus Lavendel, Neroli, Rosmarin, Rose, Mandel- und Macadamianuss\u00f6l. Das \u00d6l ist zur Vorbeugung geeignet und erfordert eine regelm\u00e4\u00dfige Massage, um die beste Wirkung zu erhalten.<\/p>\n","protected":false},"excerpt":{"rendered":"<p>Homedi-Kind\u00ae Schwangerschafts\u00f6l ist eine Kombination aus Lavendel, Neroli, Rosmarin, Rose, Mandel- und Macadamianuss\u00f6l. Das \u00d6l ist zur Vorbeugung geeignet und erfordert eine regelm\u00e4\u00dfige Massage, um die beste Wirkung zu erhalten.<\/p>\n","protected":false},"featured_media":96580,"template":"","meta":{"_acf_changed":false},"product_brand":[1460],"product_cat":[330],"product_tag":[],"class_list":{"0":"post-96578","1":"product","2":"type-product","3":"status-publish","4":"has-post-thumbnail","6":"product_brand-homedi-kind","7":"product_cat-h","8":"pa_packungsgroesse-100ml","10":"first","11":"instock","12":"shipping-taxable","13":"purchasable","14":"product-type-simple"},"acf":[],"_links":{"self":[{"href":"https:\/\/www.hirtenberg-apotheke.at\/katalog\/wp-json\/wp\/v2\/product\/96578","targetHints":{"allow":["GET"]}}],"collection":[{"href":"https:\/\/www.hirtenberg-apotheke.at\/katalog\/wp-json\/wp\/v2\/product"}],"about":[{"href":"https:\/\/www.hirtenberg-apotheke.at\/katalog\/wp-json\/wp\/v2\/types\/product"}],"wp:featuredmedia":[{"embeddable":true,"href":"https:\/\/www.hirtenberg-apotheke.at\/katalog\/wp-json\/wp\/v2\/media\/96580"}],"wp:attachment":[{"href":"https:\/\/www.hirtenberg-apotheke.at\/katalog\/wp-json\/wp\/v2\/media?parent=96578"}],"wp:term":[{"taxonomy":"product_brand","embeddable":true,"href":"https:\/\/www.hirtenberg-apotheke.at\/katalog\/wp-json\/wp\/v2\/product_brand?post=96578"},{"taxonomy":"product_cat","embeddable":true,"href":"https:\/\/www.hirtenberg-apotheke.at\/katalog\/wp-json\/wp\/v2\/product_cat?post=96578"},{"taxonomy":"product_tag","embeddable":true,"href":"https:\/\/www.hirtenberg-apotheke.at\/katalog\/wp-json\/wp\/v2\/product_tag?post=96578"}],"curies":[{"name":"wp","href":"https:\/\/api.w.org\/{rel}","templated":true}]}}