{"id":96594,"date":"2025-12-02T21:23:52","date_gmt":"2025-12-02T20:23:52","guid":{"rendered":"https:\/\/www.hirtenberg-apotheke.at\/katalog\/produkt\/hoyer-propolis-salbei-lutschtabletten-60-stk\/"},"modified":"2025-12-02T21:24:10","modified_gmt":"2025-12-02T20:24:10","slug":"hoyer-propolis-salbei-lutschtabletten-60-stk","status":"publish","type":"product","link":"https:\/\/www.hirtenberg-apotheke.at\/katalog\/produkt\/hoyer-propolis-salbei-lutschtabletten-60-stk\/","title":{"rendered":"Hoyer Propolis + Salbei Lutschtabletten 60 Stk."},"content":{"rendered":"<p>Hoyer Propolis + Salbei Lutschtabletten f\u00fcr Hals und Stimme mit zwei wertvollen Naturrohstoffen. Propolis wirkt entz\u00fcndungshemmend w\u00e4hrende Salbei eine reizlindernde Wirkung nachgesagt wird. Die kombinierte Wirkung von Propolis und Salbei ist besonders wohltuend, wenn die Stimme stark beansprucht wird, bei Husten, Heiserkeit und rauem Hals.<\/p>\n","protected":false},"excerpt":{"rendered":"<p>Hoyer Propolis + Salbei Lutschtabletten f\u00fcr Hals und Stimme mit zwei wertvollen Naturrohstoffen. Propolis wirkt entz\u00fcndungshemmend w\u00e4hrende Salbei eine reizlindernde Wirkung nachgesagt wird. Die kombinierte Wirkung von Propolis und Salbei ist besonders wohltuend, wenn die Stimme stark beansprucht wird, bei Husten, Heiserkeit und rauem Hals.<\/p>\n","protected":false},"featured_media":96596,"template":"","meta":{"_acf_changed":false},"product_brand":[],"product_cat":[330],"product_tag":[],"class_list":{"0":"post-96594","1":"product","2":"type-product","3":"status-publish","4":"has-post-thumbnail","6":"product_cat-h","7":"pa_packungsgroesse-60-stueck","9":"first","10":"instock","11":"shipping-taxable","12":"purchasable","13":"product-type-simple"},"acf":[],"_links":{"self":[{"href":"https:\/\/www.hirtenberg-apotheke.at\/katalog\/wp-json\/wp\/v2\/product\/96594","targetHints":{"allow":["GET"]}}],"collection":[{"href":"https:\/\/www.hirtenberg-apotheke.at\/katalog\/wp-json\/wp\/v2\/product"}],"about":[{"href":"https:\/\/www.hirtenberg-apotheke.at\/katalog\/wp-json\/wp\/v2\/types\/product"}],"wp:featuredmedia":[{"embeddable":true,"href":"https:\/\/www.hirtenberg-apotheke.at\/katalog\/wp-json\/wp\/v2\/media\/96596"}],"wp:attachment":[{"href":"https:\/\/www.hirtenberg-apotheke.at\/katalog\/wp-json\/wp\/v2\/media?parent=96594"}],"wp:term":[{"taxonomy":"product_brand","embeddable":true,"href":"https:\/\/www.hirtenberg-apotheke.at\/katalog\/wp-json\/wp\/v2\/product_brand?post=96594"},{"taxonomy":"product_cat","embeddable":true,"href":"https:\/\/www.hirtenberg-apotheke.at\/katalog\/wp-json\/wp\/v2\/product_cat?post=96594"},{"taxonomy":"product_tag","embeddable":true,"href":"https:\/\/www.hirtenberg-apotheke.at\/katalog\/wp-json\/wp\/v2\/product_tag?post=96594"}],"curies":[{"name":"wp","href":"https:\/\/api.w.org\/{rel}","templated":true}]}}