{"id":96603,"date":"2025-12-02T21:23:52","date_gmt":"2025-12-02T20:23:52","guid":{"rendered":"https:\/\/www.hirtenberg-apotheke.at\/katalog\/produkt\/hupaclear-sachets-zum-einnehmen-30-stk\/"},"modified":"2025-12-02T21:24:13","modified_gmt":"2025-12-02T20:24:13","slug":"hupaclear-sachets-zum-einnehmen-30-stk","status":"publish","type":"product","link":"https:\/\/www.hirtenberg-apotheke.at\/katalog\/produkt\/hupaclear-sachets-zum-einnehmen-30-stk\/","title":{"rendered":"HupaClear Sachets zum Einnehmen 30 Stk."},"content":{"rendered":"<p>Zum Di\u00e4tmanagement bei Infektionen durch Humane PapillomavirenLebensmittel f\u00fcr besondere medizinische Zwecke (Bilanzierte Di\u00e4t)Als unterst\u00fctzende Ma\u00dfnahme zur Remission bei auff\u00e4lligen Zervixabstrichen.Verbessert die Bedingungen f\u00fcr eine SpontanremissionUnterst\u00fctzt das ImmunsystemDas in HupaClear enthaltene Ditriamino ist ein patentierter Caseinkomplex. Casein ist ein nat\u00fcrlicher Proteinanteil der Milch. Durch eine sogenannte Hydrolyse wird das Casein gespalten, um besser resorbiert zu werden. Vitamin A, Zink, Vitamin B3 und Fols\u00e4ure vervollst\u00e4ndigen das Wirkprofil. Hupaclear steigert die Abwehrkr\u00e4fte Ihres K\u00f6rpers gegen HPV. Bei den durch HPV hervorgerufenen Zellver\u00e4nderungen kommt es nicht selten von allein zu Spontanabheilungen. Mit HupaClear k\u00f6nnen Sie unterst\u00fctzend eingreifen und die Chance auf eine Remission beg\u00fcnstigen.<\/p>\n","protected":false},"excerpt":{"rendered":"<p>Zum Di\u00e4tmanagement bei Infektionen durch Humane PapillomavirenLebensmittel f\u00fcr besondere medizinische Zwecke (Bilanzierte Di\u00e4t)Als unterst\u00fctzende Ma\u00dfnahme zur Remission bei auff\u00e4lligen Zervixabstrichen.Verbessert die Bedingungen f\u00fcr eine SpontanremissionUnterst\u00fctzt das ImmunsystemDas in HupaClear enthaltene Ditriamino ist ein patentierter Caseinkomplex. Casein ist ein nat\u00fcrlicher Proteinanteil der Milch. Durch eine sogenannte Hydrolyse wird das Casein gespalten, um besser resorbiert zu werden. [&hellip;]<\/p>\n","protected":false},"featured_media":96605,"template":"","meta":{"_acf_changed":false},"product_brand":[],"product_cat":[330],"product_tag":[],"class_list":{"0":"post-96603","1":"product","2":"type-product","3":"status-publish","4":"has-post-thumbnail","6":"product_cat-h","7":"pa_packungsgroesse-30-stueck","9":"first","10":"instock","11":"shipping-taxable","12":"purchasable","13":"product-type-simple"},"acf":[],"_links":{"self":[{"href":"https:\/\/www.hirtenberg-apotheke.at\/katalog\/wp-json\/wp\/v2\/product\/96603","targetHints":{"allow":["GET"]}}],"collection":[{"href":"https:\/\/www.hirtenberg-apotheke.at\/katalog\/wp-json\/wp\/v2\/product"}],"about":[{"href":"https:\/\/www.hirtenberg-apotheke.at\/katalog\/wp-json\/wp\/v2\/types\/product"}],"wp:featuredmedia":[{"embeddable":true,"href":"https:\/\/www.hirtenberg-apotheke.at\/katalog\/wp-json\/wp\/v2\/media\/96605"}],"wp:attachment":[{"href":"https:\/\/www.hirtenberg-apotheke.at\/katalog\/wp-json\/wp\/v2\/media?parent=96603"}],"wp:term":[{"taxonomy":"product_brand","embeddable":true,"href":"https:\/\/www.hirtenberg-apotheke.at\/katalog\/wp-json\/wp\/v2\/product_brand?post=96603"},{"taxonomy":"product_cat","embeddable":true,"href":"https:\/\/www.hirtenberg-apotheke.at\/katalog\/wp-json\/wp\/v2\/product_cat?post=96603"},{"taxonomy":"product_tag","embeddable":true,"href":"https:\/\/www.hirtenberg-apotheke.at\/katalog\/wp-json\/wp\/v2\/product_tag?post=96603"}],"curies":[{"name":"wp","href":"https:\/\/api.w.org\/{rel}","templated":true}]}}