{"id":96610,"date":"2025-12-02T21:24:20","date_gmt":"2025-12-02T20:24:20","guid":{"rendered":"https:\/\/www.hirtenberg-apotheke.at\/katalog\/produkt\/gall-pharma-hyaluron-kapseln-180-stk\/"},"modified":"2025-12-02T21:24:24","modified_gmt":"2025-12-02T20:24:24","slug":"gall-pharma-hyaluron-kapseln-180-stk","status":"publish","type":"product","link":"https:\/\/www.hirtenberg-apotheke.at\/katalog\/produkt\/gall-pharma-hyaluron-kapseln-180-stk\/","title":{"rendered":"Gall Pharma Hyaluron Kapseln 180 Stk."},"content":{"rendered":"<p>Gall Pharma Hyaluron Kapseln 180 Stk. enthalten 100 mg Hyalurons\u00e4ure und unterst\u00fctzen die Gesunderhaltung und Beweglichkeit der Gelenke sowie die Regeneration des Hautbildes. Diese auch nat\u00fcrlich im K\u00f6rper vorkommende \u201eAnti-Aging-Substanz\u201c hat ein hohes Wasserbindungsverm\u00f6gen und stellt einen guten Feuchtigkeitsspender dar um f\u00fcr ein frisches Hautbild von innen heraus zu sorgen.<\/p>\n","protected":false},"excerpt":{"rendered":"<p>Gall Pharma Hyaluron Kapseln 180 Stk. enthalten 100 mg Hyalurons\u00e4ure und unterst\u00fctzen die Gesunderhaltung und Beweglichkeit der Gelenke sowie die Regeneration des Hautbildes. Diese auch nat\u00fcrlich im K\u00f6rper vorkommende \u201eAnti-Aging-Substanz\u201c hat ein hohes Wasserbindungsverm\u00f6gen und stellt einen guten Feuchtigkeitsspender dar um f\u00fcr ein frisches Hautbild von innen heraus zu sorgen.<\/p>\n","protected":false},"featured_media":96612,"template":"","meta":{"_acf_changed":false},"product_brand":[316],"product_cat":[328],"product_tag":[],"class_list":{"0":"post-96610","1":"product","2":"type-product","3":"status-publish","4":"has-post-thumbnail","6":"product_brand-gall-pharma","7":"product_cat-g","8":"pa_packungsgroesse-180-stueck","10":"first","11":"instock","12":"shipping-taxable","13":"purchasable","14":"product-type-simple"},"acf":[],"_links":{"self":[{"href":"https:\/\/www.hirtenberg-apotheke.at\/katalog\/wp-json\/wp\/v2\/product\/96610","targetHints":{"allow":["GET"]}}],"collection":[{"href":"https:\/\/www.hirtenberg-apotheke.at\/katalog\/wp-json\/wp\/v2\/product"}],"about":[{"href":"https:\/\/www.hirtenberg-apotheke.at\/katalog\/wp-json\/wp\/v2\/types\/product"}],"wp:featuredmedia":[{"embeddable":true,"href":"https:\/\/www.hirtenberg-apotheke.at\/katalog\/wp-json\/wp\/v2\/media\/96612"}],"wp:attachment":[{"href":"https:\/\/www.hirtenberg-apotheke.at\/katalog\/wp-json\/wp\/v2\/media?parent=96610"}],"wp:term":[{"taxonomy":"product_brand","embeddable":true,"href":"https:\/\/www.hirtenberg-apotheke.at\/katalog\/wp-json\/wp\/v2\/product_brand?post=96610"},{"taxonomy":"product_cat","embeddable":true,"href":"https:\/\/www.hirtenberg-apotheke.at\/katalog\/wp-json\/wp\/v2\/product_cat?post=96610"},{"taxonomy":"product_tag","embeddable":true,"href":"https:\/\/www.hirtenberg-apotheke.at\/katalog\/wp-json\/wp\/v2\/product_tag?post=96610"}],"curies":[{"name":"wp","href":"https:\/\/api.w.org\/{rel}","templated":true}]}}