{"id":96620,"date":"2025-12-02T21:24:32","date_gmt":"2025-12-02T20:24:32","guid":{"rendered":"https:\/\/www.hirtenberg-apotheke.at\/katalog\/produkt\/casida-hyaluron-serum-intensiv-30-ml\/"},"modified":"2025-12-02T21:24:49","modified_gmt":"2025-12-02T20:24:49","slug":"casida-hyaluron-serum-intensiv-30-ml","status":"publish","type":"product","link":"https:\/\/www.hirtenberg-apotheke.at\/katalog\/produkt\/casida-hyaluron-serum-intensiv-30-ml\/","title":{"rendered":"Casida Hyaluron Serum Intensiv 30 ml"},"content":{"rendered":"<p>Casida Hyaluron Serum Intensiv ist ein hochdosiertes Anti-Aging Serum f\u00fcr Gesicht, Hals und Dekollet\u00e9. Das Hyaluron Serum erh\u00f6ht die Spannkraft der Haut und wirkt gegen Falten und F\u00e4ltchen, Augenringe und Altersflecken. F\u00fcr ein j\u00fcngeres und frischeres Hautbild.<\/p>\n","protected":false},"excerpt":{"rendered":"<p>Casida Hyaluron Serum Intensiv ist ein hochdosiertes Anti-Aging Serum f\u00fcr Gesicht, Hals und Dekollet\u00e9. Das Hyaluron Serum erh\u00f6ht die Spannkraft der Haut und wirkt gegen Falten und F\u00e4ltchen, Augenringe und Altersflecken. F\u00fcr ein j\u00fcngeres und frischeres Hautbild.<\/p>\n","protected":false},"featured_media":96622,"template":"","meta":{"_acf_changed":false},"product_brand":[],"product_cat":[337],"product_tag":[],"class_list":{"0":"post-96620","1":"product","2":"type-product","3":"status-publish","4":"has-post-thumbnail","6":"product_cat-c","7":"pa_packungsgroesse-30ml","9":"first","10":"instock","11":"shipping-taxable","12":"purchasable","13":"product-type-simple"},"acf":[],"_links":{"self":[{"href":"https:\/\/www.hirtenberg-apotheke.at\/katalog\/wp-json\/wp\/v2\/product\/96620","targetHints":{"allow":["GET"]}}],"collection":[{"href":"https:\/\/www.hirtenberg-apotheke.at\/katalog\/wp-json\/wp\/v2\/product"}],"about":[{"href":"https:\/\/www.hirtenberg-apotheke.at\/katalog\/wp-json\/wp\/v2\/types\/product"}],"wp:featuredmedia":[{"embeddable":true,"href":"https:\/\/www.hirtenberg-apotheke.at\/katalog\/wp-json\/wp\/v2\/media\/96622"}],"wp:attachment":[{"href":"https:\/\/www.hirtenberg-apotheke.at\/katalog\/wp-json\/wp\/v2\/media?parent=96620"}],"wp:term":[{"taxonomy":"product_brand","embeddable":true,"href":"https:\/\/www.hirtenberg-apotheke.at\/katalog\/wp-json\/wp\/v2\/product_brand?post=96620"},{"taxonomy":"product_cat","embeddable":true,"href":"https:\/\/www.hirtenberg-apotheke.at\/katalog\/wp-json\/wp\/v2\/product_cat?post=96620"},{"taxonomy":"product_tag","embeddable":true,"href":"https:\/\/www.hirtenberg-apotheke.at\/katalog\/wp-json\/wp\/v2\/product_tag?post=96620"}],"curies":[{"name":"wp","href":"https:\/\/api.w.org\/{rel}","templated":true}]}}