{"id":96672,"date":"2025-12-02T21:26:02","date_gmt":"2025-12-02T20:26:02","guid":{"rendered":"https:\/\/www.hirtenberg-apotheke.at\/katalog\/produkt\/gall-pharma-immun-fit-kapseln-30-stk\/"},"modified":"2025-12-02T21:26:28","modified_gmt":"2025-12-02T20:26:28","slug":"gall-pharma-immun-fit-kapseln-30-stk","status":"publish","type":"product","link":"https:\/\/www.hirtenberg-apotheke.at\/katalog\/produkt\/gall-pharma-immun-fit-kapseln-30-stk\/","title":{"rendered":"Gall Pharma Immun-Fit Kapseln 30 Stk."},"content":{"rendered":"<p>Immun-Fit GPH Kapseln unterst\u00fctzen mit einer ausgew\u00e4hlten Zusammensetzung das Immunsystem. Zink, Vitamin C und Vitamin D spielen eine wesentliche Rolle bei der St\u00e4rkung der Abwehrkr\u00e4fte. Sie tragen zu einer normalen Funktion des Immunsystems bei. Zus\u00e4tzlich sch\u00fctzen Zink und Vitamin C die Zellen vor oxidativem Stress.Vor allem in der kalten Jahreszeit, aber auch das ganze Jahr \u00fcber, ist eine Erg\u00e4nzung der Ern\u00e4hrung mit Immun-Fit GPH Kapseln sinnvoll, um Erk\u00e4ltungen vorzubeugen oder zu lindern.<\/p>\n","protected":false},"excerpt":{"rendered":"<p>Immun-Fit GPH Kapseln unterst\u00fctzen mit einer ausgew\u00e4hlten Zusammensetzung das Immunsystem. Zink, Vitamin C und Vitamin D spielen eine wesentliche Rolle bei der St\u00e4rkung der Abwehrkr\u00e4fte. Sie tragen zu einer normalen Funktion des Immunsystems bei. Zus\u00e4tzlich sch\u00fctzen Zink und Vitamin C die Zellen vor oxidativem Stress.Vor allem in der kalten Jahreszeit, aber auch das ganze Jahr [&hellip;]<\/p>\n","protected":false},"featured_media":96674,"template":"","meta":{"_acf_changed":false},"product_brand":[],"product_cat":[328],"product_tag":[],"class_list":{"0":"post-96672","1":"product","2":"type-product","3":"status-publish","4":"has-post-thumbnail","6":"product_cat-g","7":"pa_packungsgroesse-30-stueck","9":"first","10":"instock","11":"shipping-taxable","12":"purchasable","13":"product-type-simple"},"acf":[],"_links":{"self":[{"href":"https:\/\/www.hirtenberg-apotheke.at\/katalog\/wp-json\/wp\/v2\/product\/96672","targetHints":{"allow":["GET"]}}],"collection":[{"href":"https:\/\/www.hirtenberg-apotheke.at\/katalog\/wp-json\/wp\/v2\/product"}],"about":[{"href":"https:\/\/www.hirtenberg-apotheke.at\/katalog\/wp-json\/wp\/v2\/types\/product"}],"wp:featuredmedia":[{"embeddable":true,"href":"https:\/\/www.hirtenberg-apotheke.at\/katalog\/wp-json\/wp\/v2\/media\/96674"}],"wp:attachment":[{"href":"https:\/\/www.hirtenberg-apotheke.at\/katalog\/wp-json\/wp\/v2\/media?parent=96672"}],"wp:term":[{"taxonomy":"product_brand","embeddable":true,"href":"https:\/\/www.hirtenberg-apotheke.at\/katalog\/wp-json\/wp\/v2\/product_brand?post=96672"},{"taxonomy":"product_cat","embeddable":true,"href":"https:\/\/www.hirtenberg-apotheke.at\/katalog\/wp-json\/wp\/v2\/product_cat?post=96672"},{"taxonomy":"product_tag","embeddable":true,"href":"https:\/\/www.hirtenberg-apotheke.at\/katalog\/wp-json\/wp\/v2\/product_tag?post=96672"}],"curies":[{"name":"wp","href":"https:\/\/api.w.org\/{rel}","templated":true}]}}