{"id":96684,"date":"2025-12-02T21:26:27","date_gmt":"2025-12-02T20:26:27","guid":{"rendered":"https:\/\/www.hirtenberg-apotheke.at\/katalog\/produkt\/impresan-hygiene-spray-250-ml\/"},"modified":"2025-12-02T21:26:34","modified_gmt":"2025-12-02T20:26:34","slug":"impresan-hygiene-spray-250-ml","status":"publish","type":"product","link":"https:\/\/www.hirtenberg-apotheke.at\/katalog\/produkt\/impresan-hygiene-spray-250-ml\/","title":{"rendered":"Impresan Hygiene Spray 250 ml"},"content":{"rendered":"<p>Impresan Hygiene Spray sch\u00fctzt Sie und Ihre Familie vor der Ansteckung durch krankmachende Keime, die etwa Durchfall, R\u00f6teln, Mumps oder grippale Infekte ausl\u00f6sen k\u00f6nnen. Der Impresan Hygiene Spray desinfiziert sicher, schnell und r\u00fcckstandsfrei Teppiche, Polster und Matratzen. Er kann aber auch an anderen Oberfl\u00e4chen und Gegenst\u00e4nden im Haushalt sowie bei Schuhen angewendet werden \u2013 jetzt versankostenfrei* bestellen!<\/p>\n","protected":false},"excerpt":{"rendered":"<p>Impresan Hygiene Spray sch\u00fctzt Sie und Ihre Familie vor der Ansteckung durch krankmachende Keime, die etwa Durchfall, R\u00f6teln, Mumps oder grippale Infekte ausl\u00f6sen k\u00f6nnen. Der Impresan Hygiene Spray desinfiziert sicher, schnell und r\u00fcckstandsfrei Teppiche, Polster und Matratzen. Er kann aber auch an anderen Oberfl\u00e4chen und Gegenst\u00e4nden im Haushalt sowie bei Schuhen angewendet werden \u2013 jetzt [&hellip;]<\/p>\n","protected":false},"featured_media":96686,"template":"","meta":{"_acf_changed":false},"product_brand":[],"product_cat":[370],"product_tag":[],"class_list":{"0":"post-96684","1":"product","2":"type-product","3":"status-publish","4":"has-post-thumbnail","6":"product_cat-i","7":"pa_packungsgroesse-250ml","9":"first","10":"instock","11":"shipping-taxable","12":"purchasable","13":"product-type-simple"},"acf":[],"_links":{"self":[{"href":"https:\/\/www.hirtenberg-apotheke.at\/katalog\/wp-json\/wp\/v2\/product\/96684","targetHints":{"allow":["GET"]}}],"collection":[{"href":"https:\/\/www.hirtenberg-apotheke.at\/katalog\/wp-json\/wp\/v2\/product"}],"about":[{"href":"https:\/\/www.hirtenberg-apotheke.at\/katalog\/wp-json\/wp\/v2\/types\/product"}],"wp:featuredmedia":[{"embeddable":true,"href":"https:\/\/www.hirtenberg-apotheke.at\/katalog\/wp-json\/wp\/v2\/media\/96686"}],"wp:attachment":[{"href":"https:\/\/www.hirtenberg-apotheke.at\/katalog\/wp-json\/wp\/v2\/media?parent=96684"}],"wp:term":[{"taxonomy":"product_brand","embeddable":true,"href":"https:\/\/www.hirtenberg-apotheke.at\/katalog\/wp-json\/wp\/v2\/product_brand?post=96684"},{"taxonomy":"product_cat","embeddable":true,"href":"https:\/\/www.hirtenberg-apotheke.at\/katalog\/wp-json\/wp\/v2\/product_cat?post=96684"},{"taxonomy":"product_tag","embeddable":true,"href":"https:\/\/www.hirtenberg-apotheke.at\/katalog\/wp-json\/wp\/v2\/product_tag?post=96684"}],"curies":[{"name":"wp","href":"https:\/\/api.w.org\/{rel}","templated":true}]}}