{"id":96687,"date":"2025-12-02T21:26:27","date_gmt":"2025-12-02T20:26:27","guid":{"rendered":"https:\/\/www.hirtenberg-apotheke.at\/katalog\/produkt\/life-light-alpensegen-impuls-lymphe-haut-kraeuterkomplex-50-ml\/"},"modified":"2025-12-02T21:26:40","modified_gmt":"2025-12-02T20:26:40","slug":"life-light-alpensegen-impuls-lymphe-haut-kraeuterkomplex-50-ml","status":"publish","type":"product","link":"https:\/\/www.hirtenberg-apotheke.at\/katalog\/produkt\/life-light-alpensegen-impuls-lymphe-haut-kraeuterkomplex-50-ml\/","title":{"rendered":"Life Light Alpensegen Impuls Lymphe + Haut Kr\u00e4uterkomplex 50 ml"},"content":{"rendered":"<p>Impuls Lymphe Kr\u00e4uterkomplex Life Light hilft, stagnierende Prozesse und Blockaden zu l\u00f6sen. Nach Paracelsus zufolg liegt vielen chronischen Krankheiten eine tiefgreifende St\u00f6rung des humoralen Milieus zugrunde. Heilpflanzen k\u00f6nnen hierbei gezielt in einer f\u00fcr den K\u00f6rper sinnvollen Reihenfolge die einzelne Ausleitungsorgane adressieren.<\/p>\n","protected":false},"excerpt":{"rendered":"<p>Impuls Lymphe Kr\u00e4uterkomplex Life Light hilft, stagnierende Prozesse und Blockaden zu l\u00f6sen. Nach Paracelsus zufolg liegt vielen chronischen Krankheiten eine tiefgreifende St\u00f6rung des humoralen Milieus zugrunde. Heilpflanzen k\u00f6nnen hierbei gezielt in einer f\u00fcr den K\u00f6rper sinnvollen Reihenfolge die einzelne Ausleitungsorgane adressieren.<\/p>\n","protected":false},"featured_media":96689,"template":"","meta":{"_acf_changed":false},"product_brand":[],"product_cat":[317],"product_tag":[],"class_list":{"0":"post-96687","1":"product","2":"type-product","3":"status-publish","4":"has-post-thumbnail","6":"product_cat-l","7":"pa_packungsgroesse-50ml","9":"first","10":"instock","11":"shipping-taxable","12":"purchasable","13":"product-type-simple"},"acf":[],"_links":{"self":[{"href":"https:\/\/www.hirtenberg-apotheke.at\/katalog\/wp-json\/wp\/v2\/product\/96687","targetHints":{"allow":["GET"]}}],"collection":[{"href":"https:\/\/www.hirtenberg-apotheke.at\/katalog\/wp-json\/wp\/v2\/product"}],"about":[{"href":"https:\/\/www.hirtenberg-apotheke.at\/katalog\/wp-json\/wp\/v2\/types\/product"}],"wp:featuredmedia":[{"embeddable":true,"href":"https:\/\/www.hirtenberg-apotheke.at\/katalog\/wp-json\/wp\/v2\/media\/96689"}],"wp:attachment":[{"href":"https:\/\/www.hirtenberg-apotheke.at\/katalog\/wp-json\/wp\/v2\/media?parent=96687"}],"wp:term":[{"taxonomy":"product_brand","embeddable":true,"href":"https:\/\/www.hirtenberg-apotheke.at\/katalog\/wp-json\/wp\/v2\/product_brand?post=96687"},{"taxonomy":"product_cat","embeddable":true,"href":"https:\/\/www.hirtenberg-apotheke.at\/katalog\/wp-json\/wp\/v2\/product_cat?post=96687"},{"taxonomy":"product_tag","embeddable":true,"href":"https:\/\/www.hirtenberg-apotheke.at\/katalog\/wp-json\/wp\/v2\/product_tag?post=96687"}],"curies":[{"name":"wp","href":"https:\/\/api.w.org\/{rel}","templated":true}]}}