{"id":96691,"date":"2025-12-02T21:26:40","date_gmt":"2025-12-02T20:26:40","guid":{"rendered":"https:\/\/www.hirtenberg-apotheke.at\/katalog\/produkt\/life-light-impuls-niere-blase-kraeuterkomplex-50-ml\/"},"modified":"2025-12-02T21:26:43","modified_gmt":"2025-12-02T20:26:43","slug":"life-light-impuls-niere-blase-kraeuterkomplex-50-ml","status":"publish","type":"product","link":"https:\/\/www.hirtenberg-apotheke.at\/katalog\/produkt\/life-light-impuls-niere-blase-kraeuterkomplex-50-ml\/","title":{"rendered":"Life Light Impuls Niere + Blase Kr\u00e4uterkomplex 50 ml"},"content":{"rendered":"<p>Life Light Impuls Niere Kr\u00e4uterkomplex dient zur Unterst\u00fctzung der Eigenregulation f\u00fcr K\u00f6rper, Geist und Seele. Die erlesene Kr\u00e4utermischung gibt der k\u00f6rpereigenen Regulationsf\u00e4higkeit wieder neuen &#8222;Impuls&#8220;.<\/p>\n","protected":false},"excerpt":{"rendered":"<p>Life Light Impuls Niere Kr\u00e4uterkomplex dient zur Unterst\u00fctzung der Eigenregulation f\u00fcr K\u00f6rper, Geist und Seele. Die erlesene Kr\u00e4utermischung gibt der k\u00f6rpereigenen Regulationsf\u00e4higkeit wieder neuen &#8222;Impuls&#8220;.<\/p>\n","protected":false},"featured_media":96693,"template":"","meta":{"_acf_changed":false},"product_brand":[],"product_cat":[317],"product_tag":[],"class_list":{"0":"post-96691","1":"product","2":"type-product","3":"status-publish","4":"has-post-thumbnail","6":"product_cat-l","7":"pa_packungsgroesse-50ml","9":"first","10":"instock","11":"shipping-taxable","12":"purchasable","13":"product-type-simple"},"acf":[],"_links":{"self":[{"href":"https:\/\/www.hirtenberg-apotheke.at\/katalog\/wp-json\/wp\/v2\/product\/96691","targetHints":{"allow":["GET"]}}],"collection":[{"href":"https:\/\/www.hirtenberg-apotheke.at\/katalog\/wp-json\/wp\/v2\/product"}],"about":[{"href":"https:\/\/www.hirtenberg-apotheke.at\/katalog\/wp-json\/wp\/v2\/types\/product"}],"wp:featuredmedia":[{"embeddable":true,"href":"https:\/\/www.hirtenberg-apotheke.at\/katalog\/wp-json\/wp\/v2\/media\/96693"}],"wp:attachment":[{"href":"https:\/\/www.hirtenberg-apotheke.at\/katalog\/wp-json\/wp\/v2\/media?parent=96691"}],"wp:term":[{"taxonomy":"product_brand","embeddable":true,"href":"https:\/\/www.hirtenberg-apotheke.at\/katalog\/wp-json\/wp\/v2\/product_brand?post=96691"},{"taxonomy":"product_cat","embeddable":true,"href":"https:\/\/www.hirtenberg-apotheke.at\/katalog\/wp-json\/wp\/v2\/product_cat?post=96691"},{"taxonomy":"product_tag","embeddable":true,"href":"https:\/\/www.hirtenberg-apotheke.at\/katalog\/wp-json\/wp\/v2\/product_tag?post=96691"}],"curies":[{"name":"wp","href":"https:\/\/api.w.org\/{rel}","templated":true}]}}