{"id":96694,"date":"2025-12-02T21:26:40","date_gmt":"2025-12-02T20:26:40","guid":{"rendered":"https:\/\/www.hirtenberg-apotheke.at\/katalog\/produkt\/influbene-erkaeltungsgetraenk-pulver-10-stk\/"},"modified":"2025-12-02T21:26:49","modified_gmt":"2025-12-02T20:26:49","slug":"influbene-erkaeltungsgetraenk-pulver-10-stk","status":"publish","type":"product","link":"https:\/\/www.hirtenberg-apotheke.at\/katalog\/produkt\/influbene-erkaeltungsgetraenk-pulver-10-stk\/","title":{"rendered":"Influbene Erk\u00e4ltungsgetr\u00e4nk Pulver 10 Stk."},"content":{"rendered":"<p>Influbene ist zur Linderung der Beschwerden von Erk\u00e4ltungen und grippalen Infekten bestimmt. Unabh\u00e4ngig von der Jahreszeit kann eine Erk\u00e4ltung einen ganz sch\u00f6n kalt erwischen. Die typischen Anzeichen zu Beginn eines grippalen Infekts sind meist Husten und Schnupfen begleitet von einem Krankheitsgef\u00fchl. In weiterer Folge k\u00f6nnen Kopf- und Gliederschmerzen auftreten.<\/p>\n","protected":false},"excerpt":{"rendered":"<p>Influbene ist zur Linderung der Beschwerden von Erk\u00e4ltungen und grippalen Infekten bestimmt. Unabh\u00e4ngig von der Jahreszeit kann eine Erk\u00e4ltung einen ganz sch\u00f6n kalt erwischen. Die typischen Anzeichen zu Beginn eines grippalen Infekts sind meist Husten und Schnupfen begleitet von einem Krankheitsgef\u00fchl. In weiterer Folge k\u00f6nnen Kopf- und Gliederschmerzen auftreten.<\/p>\n","protected":false},"featured_media":0,"template":"","meta":{"_acf_changed":false},"product_brand":[],"product_cat":[370],"product_tag":[],"class_list":{"0":"post-96694","1":"product","2":"type-product","3":"status-publish","5":"product_cat-i","6":"pa_packungsgroesse-10-stueck","8":"first","9":"instock","10":"shipping-taxable","11":"purchasable","12":"product-type-simple"},"acf":[],"_links":{"self":[{"href":"https:\/\/www.hirtenberg-apotheke.at\/katalog\/wp-json\/wp\/v2\/product\/96694","targetHints":{"allow":["GET"]}}],"collection":[{"href":"https:\/\/www.hirtenberg-apotheke.at\/katalog\/wp-json\/wp\/v2\/product"}],"about":[{"href":"https:\/\/www.hirtenberg-apotheke.at\/katalog\/wp-json\/wp\/v2\/types\/product"}],"wp:attachment":[{"href":"https:\/\/www.hirtenberg-apotheke.at\/katalog\/wp-json\/wp\/v2\/media?parent=96694"}],"wp:term":[{"taxonomy":"product_brand","embeddable":true,"href":"https:\/\/www.hirtenberg-apotheke.at\/katalog\/wp-json\/wp\/v2\/product_brand?post=96694"},{"taxonomy":"product_cat","embeddable":true,"href":"https:\/\/www.hirtenberg-apotheke.at\/katalog\/wp-json\/wp\/v2\/product_cat?post=96694"},{"taxonomy":"product_tag","embeddable":true,"href":"https:\/\/www.hirtenberg-apotheke.at\/katalog\/wp-json\/wp\/v2\/product_tag?post=96694"}],"curies":[{"name":"wp","href":"https:\/\/api.w.org\/{rel}","templated":true}]}}