{"id":96715,"date":"2025-12-02T21:27:21","date_gmt":"2025-12-02T20:27:21","guid":{"rendered":"https:\/\/www.hirtenberg-apotheke.at\/katalog\/produkt\/itires-spagyra-tropfen-pekana-100-ml\/"},"modified":"2025-12-02T21:27:39","modified_gmt":"2025-12-02T20:27:39","slug":"itires-spagyra-tropfen-pekana-100-ml","status":"publish","type":"product","link":"https:\/\/www.hirtenberg-apotheke.at\/katalog\/produkt\/itires-spagyra-tropfen-pekana-100-ml\/","title":{"rendered":"Itires Spagyra Tropfen Pekana 100 ml"},"content":{"rendered":"<p>Itires Spagyra Peka N Tropfen dienen zur hom\u00f6opathisch-unterst\u00fctzenden Behandlung von Erkrankungen des lymphatischen Systems wie Lymphknotenschwellungen, sowie Brustdr\u00fcsenschwellungen..<\/p>\n","protected":false},"excerpt":{"rendered":"<p>Itires Spagyra Peka N Tropfen dienen zur hom\u00f6opathisch-unterst\u00fctzenden Behandlung von Erkrankungen des lymphatischen Systems wie Lymphknotenschwellungen, sowie Brustdr\u00fcsenschwellungen..<\/p>\n","protected":false},"featured_media":96717,"template":"","meta":{"_acf_changed":false},"product_brand":[],"product_cat":[370],"product_tag":[],"class_list":{"0":"post-96715","1":"product","2":"type-product","3":"status-publish","4":"has-post-thumbnail","6":"product_cat-i","7":"pa_packungsgroesse-100ml","9":"first","10":"instock","11":"shipping-taxable","12":"purchasable","13":"product-type-simple"},"acf":[],"_links":{"self":[{"href":"https:\/\/www.hirtenberg-apotheke.at\/katalog\/wp-json\/wp\/v2\/product\/96715","targetHints":{"allow":["GET"]}}],"collection":[{"href":"https:\/\/www.hirtenberg-apotheke.at\/katalog\/wp-json\/wp\/v2\/product"}],"about":[{"href":"https:\/\/www.hirtenberg-apotheke.at\/katalog\/wp-json\/wp\/v2\/types\/product"}],"wp:featuredmedia":[{"embeddable":true,"href":"https:\/\/www.hirtenberg-apotheke.at\/katalog\/wp-json\/wp\/v2\/media\/96717"}],"wp:attachment":[{"href":"https:\/\/www.hirtenberg-apotheke.at\/katalog\/wp-json\/wp\/v2\/media?parent=96715"}],"wp:term":[{"taxonomy":"product_brand","embeddable":true,"href":"https:\/\/www.hirtenberg-apotheke.at\/katalog\/wp-json\/wp\/v2\/product_brand?post=96715"},{"taxonomy":"product_cat","embeddable":true,"href":"https:\/\/www.hirtenberg-apotheke.at\/katalog\/wp-json\/wp\/v2\/product_cat?post=96715"},{"taxonomy":"product_tag","embeddable":true,"href":"https:\/\/www.hirtenberg-apotheke.at\/katalog\/wp-json\/wp\/v2\/product_tag?post=96715"}],"curies":[{"name":"wp","href":"https:\/\/api.w.org\/{rel}","templated":true}]}}