{"id":9675,"date":"2025-11-25T14:01:00","date_gmt":"2025-11-25T13:01:00","guid":{"rendered":"https:\/\/www.hirtenberg-apotheke.at\/katalog\/produkt\/dr-fischer-neuroglutamin-tabletten-120-stk\/"},"modified":"2025-11-25T14:01:25","modified_gmt":"2025-11-25T13:01:25","slug":"dr-fischer-neuroglutamin-tabletten-120-stk","status":"publish","type":"product","link":"https:\/\/www.hirtenberg-apotheke.at\/katalog\/produkt\/dr-fischer-neuroglutamin-tabletten-120-stk\/","title":{"rendered":"Dr. Fischer Neuroglutamin Tabletten 120 Stk."},"content":{"rendered":"<p>Dr. Fischer Neuroglutamin Tabletten wirken sich positiv auf St\u00f6rungen der Konzentrations- und Merkf\u00e4higkeit aus wie bespielsweise bei Vergesslichkeit, Lernschw\u00e4che oder geistigen Ersch\u00f6pfungszust\u00e4nden &#8211; Jetzt schnell und ohne Lieferkosten* stark preisgesenkt bestellen!<\/p>\n","protected":false},"excerpt":{"rendered":"<p>Dr. Fischer Neuroglutamin Tabletten wirken sich positiv auf St\u00f6rungen der Konzentrations- und Merkf\u00e4higkeit aus wie bespielsweise bei Vergesslichkeit, Lernschw\u00e4che oder geistigen Ersch\u00f6pfungszust\u00e4nden &#8211; Jetzt schnell und ohne Lieferkosten* stark preisgesenkt bestellen!<\/p>\n","protected":false},"featured_media":9677,"template":"","meta":{"_acf_changed":false},"product_brand":[],"product_cat":[295],"product_tag":[],"class_list":{"0":"post-9675","1":"product","2":"type-product","3":"status-publish","4":"has-post-thumbnail","6":"product_cat-d","7":"pa_packungsgroesse-120-stueck","9":"first","10":"instock","11":"shipping-taxable","12":"purchasable","13":"product-type-simple"},"acf":[],"_links":{"self":[{"href":"https:\/\/www.hirtenberg-apotheke.at\/katalog\/wp-json\/wp\/v2\/product\/9675","targetHints":{"allow":["GET"]}}],"collection":[{"href":"https:\/\/www.hirtenberg-apotheke.at\/katalog\/wp-json\/wp\/v2\/product"}],"about":[{"href":"https:\/\/www.hirtenberg-apotheke.at\/katalog\/wp-json\/wp\/v2\/types\/product"}],"wp:featuredmedia":[{"embeddable":true,"href":"https:\/\/www.hirtenberg-apotheke.at\/katalog\/wp-json\/wp\/v2\/media\/9677"}],"wp:attachment":[{"href":"https:\/\/www.hirtenberg-apotheke.at\/katalog\/wp-json\/wp\/v2\/media?parent=9675"}],"wp:term":[{"taxonomy":"product_brand","embeddable":true,"href":"https:\/\/www.hirtenberg-apotheke.at\/katalog\/wp-json\/wp\/v2\/product_brand?post=9675"},{"taxonomy":"product_cat","embeddable":true,"href":"https:\/\/www.hirtenberg-apotheke.at\/katalog\/wp-json\/wp\/v2\/product_cat?post=9675"},{"taxonomy":"product_tag","embeddable":true,"href":"https:\/\/www.hirtenberg-apotheke.at\/katalog\/wp-json\/wp\/v2\/product_tag?post=9675"}],"curies":[{"name":"wp","href":"https:\/\/api.w.org\/{rel}","templated":true}]}}