{"id":96756,"date":"2025-12-02T21:28:28","date_gmt":"2025-12-02T20:28:28","guid":{"rendered":"https:\/\/www.hirtenberg-apotheke.at\/katalog\/produkt\/kaiser-bonbons-waldhonig-salbei-90-g\/"},"modified":"2025-12-02T21:28:39","modified_gmt":"2025-12-02T20:28:39","slug":"kaiser-bonbons-waldhonig-salbei-90-g","status":"publish","type":"product","link":"https:\/\/www.hirtenberg-apotheke.at\/katalog\/produkt\/kaiser-bonbons-waldhonig-salbei-90-g\/","title":{"rendered":"Kaiser Bonbons Waldhonig Salbei, 90 g"},"content":{"rendered":"<p>Bonbons meisterhaft gef\u00fcllt mit Fruchtmark, Honig oder Kr\u00e4utern \u2013 f\u00fcr ein Erlebnis in H\u00fclle und F\u00fclle!  Jetzt online bestellen und bares Geld sparen!Gef\u00fcllte Bonbons ist nicht gleich gef\u00fcllte Bonbons. Keiner wei\u00df das besser als der Bonbonmeister\u00ae Kaiser. Seit \u00fcber 50 Jahren hat er sich Bonbons mit F\u00fcllung verschrieben. Im Gegensatz zu Hartbonbons ist ihre Herstellung sehr anspruchsvoll und ben\u00f6tigt viel meisterliches Handwerk. Die M\u00fche lohnt sich! Denn gef\u00fcllte Bonbons bieten nicht nur ein spannendes Lutscherlebnis, sondern auch ein unvergleichliches Geschmackserlebnis. Von der H\u00fclle zur F\u00fclleBeim gef\u00fcllten Bonbon kommt es auf das optimale Verh\u00e4ltnis von Bonbondecke und F\u00fcllgrad an \u2013 von hart und weich, fest und fl\u00fcssig. Der Bonbonmeister\u00ae beherrscht diese spezielle Technologie und kann Bonbons mit bis zu 20 Prozent F\u00fcllung veredeln.Ein Herz aus HonigZu den gef\u00fcllten Klassikern im Hustenbonbon-Sortiment geh\u00f6ren die Honigbonbons. Waldhonig Salbei, Honig Anis Fenchel oder Honig Spitzwegerich verf\u00fchren mit 20 Prozent fl\u00fcssiger und feinw\u00fcrziger Honigf\u00fcllung. Sie besteht zu 100 Prozent aus echtem Honig.<\/p>\n","protected":false},"excerpt":{"rendered":"<p>Bonbons meisterhaft gef\u00fcllt mit Fruchtmark, Honig oder Kr\u00e4utern \u2013 f\u00fcr ein Erlebnis in H\u00fclle und F\u00fclle! Jetzt online bestellen und bares Geld sparen!Gef\u00fcllte Bonbons ist nicht gleich gef\u00fcllte Bonbons. Keiner wei\u00df das besser als der Bonbonmeister\u00ae Kaiser. Seit \u00fcber 50 Jahren hat er sich Bonbons mit F\u00fcllung verschrieben. Im Gegensatz zu Hartbonbons ist ihre Herstellung [&hellip;]<\/p>\n","protected":false},"featured_media":96758,"template":"","meta":{"_acf_changed":false},"product_brand":[],"product_cat":[387],"product_tag":[],"class_list":{"0":"post-96756","1":"product","2":"type-product","3":"status-publish","4":"has-post-thumbnail","6":"product_cat-k","7":"pa_packungsgroesse-90g","9":"first","10":"instock","11":"shipping-taxable","12":"purchasable","13":"product-type-simple"},"acf":[],"_links":{"self":[{"href":"https:\/\/www.hirtenberg-apotheke.at\/katalog\/wp-json\/wp\/v2\/product\/96756","targetHints":{"allow":["GET"]}}],"collection":[{"href":"https:\/\/www.hirtenberg-apotheke.at\/katalog\/wp-json\/wp\/v2\/product"}],"about":[{"href":"https:\/\/www.hirtenberg-apotheke.at\/katalog\/wp-json\/wp\/v2\/types\/product"}],"wp:featuredmedia":[{"embeddable":true,"href":"https:\/\/www.hirtenberg-apotheke.at\/katalog\/wp-json\/wp\/v2\/media\/96758"}],"wp:attachment":[{"href":"https:\/\/www.hirtenberg-apotheke.at\/katalog\/wp-json\/wp\/v2\/media?parent=96756"}],"wp:term":[{"taxonomy":"product_brand","embeddable":true,"href":"https:\/\/www.hirtenberg-apotheke.at\/katalog\/wp-json\/wp\/v2\/product_brand?post=96756"},{"taxonomy":"product_cat","embeddable":true,"href":"https:\/\/www.hirtenberg-apotheke.at\/katalog\/wp-json\/wp\/v2\/product_cat?post=96756"},{"taxonomy":"product_tag","embeddable":true,"href":"https:\/\/www.hirtenberg-apotheke.at\/katalog\/wp-json\/wp\/v2\/product_tag?post=96756"}],"curies":[{"name":"wp","href":"https:\/\/api.w.org\/{rel}","templated":true}]}}