{"id":96824,"date":"2025-12-02T21:30:05","date_gmt":"2025-12-02T20:30:05","guid":{"rendered":"https:\/\/www.hirtenberg-apotheke.at\/katalog\/produkt\/kilo-nit-tropfen\/"},"modified":"2025-12-02T21:30:40","modified_gmt":"2025-12-02T20:30:40","slug":"kilo-nit-tropfen","status":"publish","type":"product","link":"https:\/\/www.hirtenberg-apotheke.at\/katalog\/produkt\/kilo-nit-tropfen\/","title":{"rendered":"Kilo-nit Tropfen"},"content":{"rendered":"<p>Kilo-nit Tropfen sind ein rein pflanzliches Verzehrprodukt zur Unterst\u00fctzung der Gewichtsabnahme ohne komplizierte Di\u00e4tpl\u00e4ne, ohne qu\u00e4lendes Hungergef\u00fchl und ohne herabgesetztes Wohlbefinden. Kilo Nit enth\u00e4lt Pflanzenausz\u00fcge aus Blasentang, Birkenbl\u00e4ttern und Brennnesseln.<\/p>\n","protected":false},"excerpt":{"rendered":"<p>Kilo-nit Tropfen sind ein rein pflanzliches Verzehrprodukt zur Unterst\u00fctzung der Gewichtsabnahme ohne komplizierte Di\u00e4tpl\u00e4ne, ohne qu\u00e4lendes Hungergef\u00fchl und ohne herabgesetztes Wohlbefinden. Kilo Nit enth\u00e4lt Pflanzenausz\u00fcge aus Blasentang, Birkenbl\u00e4ttern und Brennnesseln.<\/p>\n","protected":false},"featured_media":96826,"template":"","meta":{"_acf_changed":false},"product_brand":[],"product_cat":[387],"product_tag":[],"class_list":{"0":"post-96824","1":"product","2":"type-product","3":"status-publish","4":"has-post-thumbnail","6":"product_cat-k","7":"pa_packungsgroesse-100ml","9":"first","10":"instock","11":"shipping-taxable","12":"purchasable","13":"product-type-simple"},"acf":[],"_links":{"self":[{"href":"https:\/\/www.hirtenberg-apotheke.at\/katalog\/wp-json\/wp\/v2\/product\/96824","targetHints":{"allow":["GET"]}}],"collection":[{"href":"https:\/\/www.hirtenberg-apotheke.at\/katalog\/wp-json\/wp\/v2\/product"}],"about":[{"href":"https:\/\/www.hirtenberg-apotheke.at\/katalog\/wp-json\/wp\/v2\/types\/product"}],"wp:featuredmedia":[{"embeddable":true,"href":"https:\/\/www.hirtenberg-apotheke.at\/katalog\/wp-json\/wp\/v2\/media\/96826"}],"wp:attachment":[{"href":"https:\/\/www.hirtenberg-apotheke.at\/katalog\/wp-json\/wp\/v2\/media?parent=96824"}],"wp:term":[{"taxonomy":"product_brand","embeddable":true,"href":"https:\/\/www.hirtenberg-apotheke.at\/katalog\/wp-json\/wp\/v2\/product_brand?post=96824"},{"taxonomy":"product_cat","embeddable":true,"href":"https:\/\/www.hirtenberg-apotheke.at\/katalog\/wp-json\/wp\/v2\/product_cat?post=96824"},{"taxonomy":"product_tag","embeddable":true,"href":"https:\/\/www.hirtenberg-apotheke.at\/katalog\/wp-json\/wp\/v2\/product_tag?post=96824"}],"curies":[{"name":"wp","href":"https:\/\/api.w.org\/{rel}","templated":true}]}}