{"id":96867,"date":"2025-12-02T21:31:15","date_gmt":"2025-12-02T20:31:15","guid":{"rendered":"https:\/\/www.hirtenberg-apotheke.at\/katalog\/produkt\/koellnflocken-500-g-bluetenzart\/"},"modified":"2025-12-02T21:31:42","modified_gmt":"2025-12-02T20:31:42","slug":"koellnflocken-500-g-bluetenzart","status":"publish","type":"product","link":"https:\/\/www.hirtenberg-apotheke.at\/katalog\/produkt\/koellnflocken-500-g-bluetenzart\/","title":{"rendered":"K\u00f6llnflocken 500 g Bl\u00fctenzart"},"content":{"rendered":"<p>K\u00f6llnflocken Bl\u00fctenzart sind besonders feine Hafer-Vollkornflocken, die aus geschnittenen Haferkernen, der Hafergr\u00fctze, gewalzt werden. K\u00f6llnflocken sind vielseitig in der K\u00fcche einsetzbar..<\/p>\n","protected":false},"excerpt":{"rendered":"<p>K\u00f6llnflocken Bl\u00fctenzart sind besonders feine Hafer-Vollkornflocken, die aus geschnittenen Haferkernen, der Hafergr\u00fctze, gewalzt werden. K\u00f6llnflocken sind vielseitig in der K\u00fcche einsetzbar..<\/p>\n","protected":false},"featured_media":96869,"template":"","meta":{"_acf_changed":false},"product_brand":[],"product_cat":[387],"product_tag":[],"class_list":{"0":"post-96867","1":"product","2":"type-product","3":"status-publish","4":"has-post-thumbnail","6":"product_cat-k","7":"pa_packungsgroesse-500g","9":"first","10":"instock","11":"shipping-taxable","12":"purchasable","13":"product-type-simple"},"acf":[],"_links":{"self":[{"href":"https:\/\/www.hirtenberg-apotheke.at\/katalog\/wp-json\/wp\/v2\/product\/96867","targetHints":{"allow":["GET"]}}],"collection":[{"href":"https:\/\/www.hirtenberg-apotheke.at\/katalog\/wp-json\/wp\/v2\/product"}],"about":[{"href":"https:\/\/www.hirtenberg-apotheke.at\/katalog\/wp-json\/wp\/v2\/types\/product"}],"wp:featuredmedia":[{"embeddable":true,"href":"https:\/\/www.hirtenberg-apotheke.at\/katalog\/wp-json\/wp\/v2\/media\/96869"}],"wp:attachment":[{"href":"https:\/\/www.hirtenberg-apotheke.at\/katalog\/wp-json\/wp\/v2\/media?parent=96867"}],"wp:term":[{"taxonomy":"product_brand","embeddable":true,"href":"https:\/\/www.hirtenberg-apotheke.at\/katalog\/wp-json\/wp\/v2\/product_brand?post=96867"},{"taxonomy":"product_cat","embeddable":true,"href":"https:\/\/www.hirtenberg-apotheke.at\/katalog\/wp-json\/wp\/v2\/product_cat?post=96867"},{"taxonomy":"product_tag","embeddable":true,"href":"https:\/\/www.hirtenberg-apotheke.at\/katalog\/wp-json\/wp\/v2\/product_tag?post=96867"}],"curies":[{"name":"wp","href":"https:\/\/api.w.org\/{rel}","templated":true}]}}