{"id":96876,"date":"2025-12-02T21:31:41","date_gmt":"2025-12-02T20:31:41","guid":{"rendered":"https:\/\/www.hirtenberg-apotheke.at\/katalog\/produkt\/koellnflocken-250-g-instant\/"},"modified":"2025-12-02T21:32:01","modified_gmt":"2025-12-02T20:32:01","slug":"koellnflocken-250-g-instant","status":"publish","type":"product","link":"https:\/\/www.hirtenberg-apotheke.at\/katalog\/produkt\/koellnflocken-250-g-instant\/","title":{"rendered":"K\u00f6llnflocken 250 g Instant"},"content":{"rendered":"<p>K\u00f6llnflocken sind besonders feine Hafer-Vollkornflocken, die aus geschnittenen Haferkernen, der Hafergr\u00fctze, gewalzt werden. K\u00f6llnflocken sind vielseitig in der K\u00fcche einsetzbar. erhalten Sie dieses Produkt in den Varianten Instant, Haferkleie (jeweils 250 g), Bl\u00fctenzart und Kernig Echt (jeweils 500 g).<\/p>\n","protected":false},"excerpt":{"rendered":"<p>K\u00f6llnflocken sind besonders feine Hafer-Vollkornflocken, die aus geschnittenen Haferkernen, der Hafergr\u00fctze, gewalzt werden. K\u00f6llnflocken sind vielseitig in der K\u00fcche einsetzbar. erhalten Sie dieses Produkt in den Varianten Instant, Haferkleie (jeweils 250 g), Bl\u00fctenzart und Kernig Echt (jeweils 500 g).<\/p>\n","protected":false},"featured_media":96878,"template":"","meta":{"_acf_changed":false},"product_brand":[],"product_cat":[387],"product_tag":[],"class_list":{"0":"post-96876","1":"product","2":"type-product","3":"status-publish","4":"has-post-thumbnail","6":"product_cat-k","7":"pa_packungsgroesse-250g","9":"first","10":"instock","11":"shipping-taxable","12":"purchasable","13":"product-type-simple"},"acf":[],"_links":{"self":[{"href":"https:\/\/www.hirtenberg-apotheke.at\/katalog\/wp-json\/wp\/v2\/product\/96876","targetHints":{"allow":["GET"]}}],"collection":[{"href":"https:\/\/www.hirtenberg-apotheke.at\/katalog\/wp-json\/wp\/v2\/product"}],"about":[{"href":"https:\/\/www.hirtenberg-apotheke.at\/katalog\/wp-json\/wp\/v2\/types\/product"}],"wp:featuredmedia":[{"embeddable":true,"href":"https:\/\/www.hirtenberg-apotheke.at\/katalog\/wp-json\/wp\/v2\/media\/96878"}],"wp:attachment":[{"href":"https:\/\/www.hirtenberg-apotheke.at\/katalog\/wp-json\/wp\/v2\/media?parent=96876"}],"wp:term":[{"taxonomy":"product_brand","embeddable":true,"href":"https:\/\/www.hirtenberg-apotheke.at\/katalog\/wp-json\/wp\/v2\/product_brand?post=96876"},{"taxonomy":"product_cat","embeddable":true,"href":"https:\/\/www.hirtenberg-apotheke.at\/katalog\/wp-json\/wp\/v2\/product_cat?post=96876"},{"taxonomy":"product_tag","embeddable":true,"href":"https:\/\/www.hirtenberg-apotheke.at\/katalog\/wp-json\/wp\/v2\/product_tag?post=96876"}],"curies":[{"name":"wp","href":"https:\/\/api.w.org\/{rel}","templated":true}]}}