{"id":96897,"date":"2025-12-02T21:32:22","date_gmt":"2025-12-02T20:32:22","guid":{"rendered":"https:\/\/www.hirtenberg-apotheke.at\/katalog\/produkt\/dr-kottas-tee-fresh-idea-20stk\/"},"modified":"2025-12-02T21:32:43","modified_gmt":"2025-12-02T20:32:43","slug":"dr-kottas-tee-fresh-idea-20stk","status":"publish","type":"product","link":"https:\/\/www.hirtenberg-apotheke.at\/katalog\/produkt\/dr-kottas-tee-fresh-idea-20stk\/","title":{"rendered":"Dr. Kottas Tee Fresh Idea 20Stk."},"content":{"rendered":"<p>Dr. Kottas Tee Fresh Idea 20Stk. ist wie ein Besuch auf einer gesunden Wiese! Dr. Kottas Fresh Idea wirkt angenehm erfrischend durch die zitronige Note von Lemongras und der k\u00fchlenden Frische der Pfefferminze, f\u00f6rdert das Wohlbefinden und schmeckt herrlich nach aromatischen Pflanzen. Ihr Kr\u00e4utergarten in der Tasse &#8211; wohlschmeckender Kr\u00e4utertee.Die Kr\u00e4utermischung ist in 20 Doppelkammerfilterbeuteln zu 1,5 g abgepackt, gebrauchsfertig dosiert, inhaltsstoff- und aromagesch\u00fctzt.<\/p>\n","protected":false},"excerpt":{"rendered":"<p>Dr. Kottas Tee Fresh Idea 20Stk. ist wie ein Besuch auf einer gesunden Wiese! Dr. Kottas Fresh Idea wirkt angenehm erfrischend durch die zitronige Note von Lemongras und der k\u00fchlenden Frische der Pfefferminze, f\u00f6rdert das Wohlbefinden und schmeckt herrlich nach aromatischen Pflanzen. Ihr Kr\u00e4utergarten in der Tasse &#8211; wohlschmeckender Kr\u00e4utertee.Die Kr\u00e4utermischung ist in 20 Doppelkammerfilterbeuteln [&hellip;]<\/p>\n","protected":false},"featured_media":96899,"template":"","meta":{"_acf_changed":false},"product_brand":[853],"product_cat":[295],"product_tag":[],"class_list":{"0":"post-96897","1":"product","2":"type-product","3":"status-publish","4":"has-post-thumbnail","6":"product_brand-dr-kottas","7":"product_cat-d","8":"pa_packungsgroesse-20-beutel","10":"first","11":"instock","12":"shipping-taxable","13":"purchasable","14":"product-type-simple"},"acf":[],"_links":{"self":[{"href":"https:\/\/www.hirtenberg-apotheke.at\/katalog\/wp-json\/wp\/v2\/product\/96897","targetHints":{"allow":["GET"]}}],"collection":[{"href":"https:\/\/www.hirtenberg-apotheke.at\/katalog\/wp-json\/wp\/v2\/product"}],"about":[{"href":"https:\/\/www.hirtenberg-apotheke.at\/katalog\/wp-json\/wp\/v2\/types\/product"}],"wp:featuredmedia":[{"embeddable":true,"href":"https:\/\/www.hirtenberg-apotheke.at\/katalog\/wp-json\/wp\/v2\/media\/96899"}],"wp:attachment":[{"href":"https:\/\/www.hirtenberg-apotheke.at\/katalog\/wp-json\/wp\/v2\/media?parent=96897"}],"wp:term":[{"taxonomy":"product_brand","embeddable":true,"href":"https:\/\/www.hirtenberg-apotheke.at\/katalog\/wp-json\/wp\/v2\/product_brand?post=96897"},{"taxonomy":"product_cat","embeddable":true,"href":"https:\/\/www.hirtenberg-apotheke.at\/katalog\/wp-json\/wp\/v2\/product_cat?post=96897"},{"taxonomy":"product_tag","embeddable":true,"href":"https:\/\/www.hirtenberg-apotheke.at\/katalog\/wp-json\/wp\/v2\/product_tag?post=96897"}],"curies":[{"name":"wp","href":"https:\/\/api.w.org\/{rel}","templated":true}]}}