{"id":96912,"date":"2025-12-02T21:32:49","date_gmt":"2025-12-02T20:32:49","guid":{"rendered":"https:\/\/www.hirtenberg-apotheke.at\/katalog\/produkt\/dr-kottas-tee-rooibos-bio-100-g\/"},"modified":"2025-12-02T21:32:52","modified_gmt":"2025-12-02T20:32:52","slug":"dr-kottas-tee-rooibos-bio-100-g","status":"publish","type":"product","link":"https:\/\/www.hirtenberg-apotheke.at\/katalog\/produkt\/dr-kottas-tee-rooibos-bio-100-g\/","title":{"rendered":"Dr. Kottas Tee Rooibos Bio 100 g"},"content":{"rendered":"<p>Dr. Kottas Tee Rooibos Bio ist eine Teespezialit\u00e4t aus S\u00fcdafrika mit Lemongras. Rooibos w\u00e4chst in den Zederbergen im S\u00fcdwesten der Republik S\u00fcdafrika, wo er als Nationalgetr\u00e4nk gilt. In unseren Breitengraden trat der Rooibostee erst in den 1990er-Jahren seinen Siegeszug an. Heute aber ist er als koffeinfreie Alternative zu Kaffee oder schwarzem Tee beliebt.<\/p>\n","protected":false},"excerpt":{"rendered":"<p>Dr. Kottas Tee Rooibos Bio ist eine Teespezialit\u00e4t aus S\u00fcdafrika mit Lemongras. Rooibos w\u00e4chst in den Zederbergen im S\u00fcdwesten der Republik S\u00fcdafrika, wo er als Nationalgetr\u00e4nk gilt. In unseren Breitengraden trat der Rooibostee erst in den 1990er-Jahren seinen Siegeszug an. Heute aber ist er als koffeinfreie Alternative zu Kaffee oder schwarzem Tee beliebt.<\/p>\n","protected":false},"featured_media":96914,"template":"","meta":{"_acf_changed":false},"product_brand":[853],"product_cat":[295],"product_tag":[],"class_list":{"0":"post-96912","1":"product","2":"type-product","3":"status-publish","4":"has-post-thumbnail","6":"product_brand-dr-kottas","7":"product_cat-d","8":"pa_packungsgroesse-100g","10":"first","11":"instock","12":"shipping-taxable","13":"purchasable","14":"product-type-simple"},"acf":[],"_links":{"self":[{"href":"https:\/\/www.hirtenberg-apotheke.at\/katalog\/wp-json\/wp\/v2\/product\/96912","targetHints":{"allow":["GET"]}}],"collection":[{"href":"https:\/\/www.hirtenberg-apotheke.at\/katalog\/wp-json\/wp\/v2\/product"}],"about":[{"href":"https:\/\/www.hirtenberg-apotheke.at\/katalog\/wp-json\/wp\/v2\/types\/product"}],"wp:featuredmedia":[{"embeddable":true,"href":"https:\/\/www.hirtenberg-apotheke.at\/katalog\/wp-json\/wp\/v2\/media\/96914"}],"wp:attachment":[{"href":"https:\/\/www.hirtenberg-apotheke.at\/katalog\/wp-json\/wp\/v2\/media?parent=96912"}],"wp:term":[{"taxonomy":"product_brand","embeddable":true,"href":"https:\/\/www.hirtenberg-apotheke.at\/katalog\/wp-json\/wp\/v2\/product_brand?post=96912"},{"taxonomy":"product_cat","embeddable":true,"href":"https:\/\/www.hirtenberg-apotheke.at\/katalog\/wp-json\/wp\/v2\/product_cat?post=96912"},{"taxonomy":"product_tag","embeddable":true,"href":"https:\/\/www.hirtenberg-apotheke.at\/katalog\/wp-json\/wp\/v2\/product_tag?post=96912"}],"curies":[{"name":"wp","href":"https:\/\/api.w.org\/{rel}","templated":true}]}}