{"id":96937,"date":"2025-12-02T21:33:33","date_gmt":"2025-12-02T20:33:33","guid":{"rendered":"https:\/\/www.hirtenberg-apotheke.at\/katalog\/produkt\/l-erbolario-parfuem-50-ml-rosa\/"},"modified":"2025-12-02T21:33:44","modified_gmt":"2025-12-02T20:33:44","slug":"l-erbolario-parfuem-50-ml-rosa","status":"publish","type":"product","link":"https:\/\/www.hirtenberg-apotheke.at\/katalog\/produkt\/l-erbolario-parfuem-50-ml-rosa\/","title":{"rendered":"L Erbolario Parf\u00fcm 50 ml Rosa"},"content":{"rendered":"<p>L&#8217;Erbolario Parf\u00fcm ist so dosiert, dass ein paar Tropfen gen\u00fcgen, um Sie in den zarten Duft einzuh\u00fcllen, der Sie den ganzen Tag \u00fcber begleitet und wie eine beruhigende Brise Ihr Erscheinen ank\u00fcndigt.<\/p>\n","protected":false},"excerpt":{"rendered":"<p>L&#8217;Erbolario Parf\u00fcm ist so dosiert, dass ein paar Tropfen gen\u00fcgen, um Sie in den zarten Duft einzuh\u00fcllen, der Sie den ganzen Tag \u00fcber begleitet und wie eine beruhigende Brise Ihr Erscheinen ank\u00fcndigt.<\/p>\n","protected":false},"featured_media":0,"template":"","meta":{"_acf_changed":false},"product_brand":[741],"product_cat":[317],"product_tag":[],"class_list":{"0":"post-96937","1":"product","2":"type-product","3":"status-publish","5":"product_brand-lerbolario","6":"product_cat-l","7":"pa_packungsgroesse-50ml","9":"first","10":"instock","11":"shipping-taxable","12":"purchasable","13":"product-type-simple"},"acf":[],"_links":{"self":[{"href":"https:\/\/www.hirtenberg-apotheke.at\/katalog\/wp-json\/wp\/v2\/product\/96937","targetHints":{"allow":["GET"]}}],"collection":[{"href":"https:\/\/www.hirtenberg-apotheke.at\/katalog\/wp-json\/wp\/v2\/product"}],"about":[{"href":"https:\/\/www.hirtenberg-apotheke.at\/katalog\/wp-json\/wp\/v2\/types\/product"}],"wp:attachment":[{"href":"https:\/\/www.hirtenberg-apotheke.at\/katalog\/wp-json\/wp\/v2\/media?parent=96937"}],"wp:term":[{"taxonomy":"product_brand","embeddable":true,"href":"https:\/\/www.hirtenberg-apotheke.at\/katalog\/wp-json\/wp\/v2\/product_brand?post=96937"},{"taxonomy":"product_cat","embeddable":true,"href":"https:\/\/www.hirtenberg-apotheke.at\/katalog\/wp-json\/wp\/v2\/product_cat?post=96937"},{"taxonomy":"product_tag","embeddable":true,"href":"https:\/\/www.hirtenberg-apotheke.at\/katalog\/wp-json\/wp\/v2\/product_tag?post=96937"}],"curies":[{"name":"wp","href":"https:\/\/api.w.org\/{rel}","templated":true}]}}