{"id":96943,"date":"2025-12-02T21:33:47","date_gmt":"2025-12-02T20:33:47","guid":{"rendered":"https:\/\/www.hirtenberg-apotheke.at\/katalog\/produkt\/hirsch-seife-zitrone-125-g-2-stk\/"},"modified":"2025-12-02T21:33:49","modified_gmt":"2025-12-02T20:33:49","slug":"hirsch-seife-zitrone-125-g-2-stk","status":"publish","type":"product","link":"https:\/\/www.hirtenberg-apotheke.at\/katalog\/produkt\/hirsch-seife-zitrone-125-g-2-stk\/","title":{"rendered":"Hirsch Seife Zitrone 125 g 2 Stk."},"content":{"rendered":"<p>Hirsch Seife Zitrone 125 g ist eine reine, milde Hand- und K\u00f6rperseife. Sie ist von hoher Reinheit, denn sie besteht nahezu ausschlie\u00dflich aus nat\u00fcrlichen Stoffen. Hirsch Zitronella ist so mild, dass sie auch f\u00fcr empfindliche Haut bestens geeignet ist.<\/p>\n","protected":false},"excerpt":{"rendered":"<p>Hirsch Seife Zitrone 125 g ist eine reine, milde Hand- und K\u00f6rperseife. Sie ist von hoher Reinheit, denn sie besteht nahezu ausschlie\u00dflich aus nat\u00fcrlichen Stoffen. Hirsch Zitronella ist so mild, dass sie auch f\u00fcr empfindliche Haut bestens geeignet ist.<\/p>\n","protected":false},"featured_media":0,"template":"","meta":{"_acf_changed":false},"product_brand":[],"product_cat":[330],"product_tag":[],"class_list":{"0":"post-96943","1":"product","2":"type-product","3":"status-publish","5":"product_cat-h","6":"pa_packungsgroesse-2-stueck","8":"first","9":"instock","10":"shipping-taxable","11":"purchasable","12":"product-type-simple"},"acf":[],"_links":{"self":[{"href":"https:\/\/www.hirtenberg-apotheke.at\/katalog\/wp-json\/wp\/v2\/product\/96943","targetHints":{"allow":["GET"]}}],"collection":[{"href":"https:\/\/www.hirtenberg-apotheke.at\/katalog\/wp-json\/wp\/v2\/product"}],"about":[{"href":"https:\/\/www.hirtenberg-apotheke.at\/katalog\/wp-json\/wp\/v2\/types\/product"}],"wp:attachment":[{"href":"https:\/\/www.hirtenberg-apotheke.at\/katalog\/wp-json\/wp\/v2\/media?parent=96943"}],"wp:term":[{"taxonomy":"product_brand","embeddable":true,"href":"https:\/\/www.hirtenberg-apotheke.at\/katalog\/wp-json\/wp\/v2\/product_brand?post=96943"},{"taxonomy":"product_cat","embeddable":true,"href":"https:\/\/www.hirtenberg-apotheke.at\/katalog\/wp-json\/wp\/v2\/product_cat?post=96943"},{"taxonomy":"product_tag","embeddable":true,"href":"https:\/\/www.hirtenberg-apotheke.at\/katalog\/wp-json\/wp\/v2\/product_tag?post=96943"}],"curies":[{"name":"wp","href":"https:\/\/api.w.org\/{rel}","templated":true}]}}