{"id":97010,"date":"2025-12-02T21:34:44","date_gmt":"2025-12-02T20:34:44","guid":{"rendered":"https:\/\/www.hirtenberg-apotheke.at\/katalog\/produkt\/huebner-augenspray-gegen-trockene-augen-10-ml\/"},"modified":"2025-12-02T21:35:03","modified_gmt":"2025-12-02T20:35:03","slug":"huebner-augenspray-gegen-trockene-augen-10-ml","status":"publish","type":"product","link":"https:\/\/www.hirtenberg-apotheke.at\/katalog\/produkt\/huebner-augenspray-gegen-trockene-augen-10-ml\/","title":{"rendered":"H\u00fcbner Augenspray gegen trockene Augen 10 ml"},"content":{"rendered":"<p>H\u00fcbner Augenspray gegen trockene Augen stabilisiert die Lipidschicht beim trockenen Auge und verbessert die Befeuchtung der Augen und der Augenlider. Zus\u00e4tzlich erh\u00f6ht der Spray den Tragekomfort bei Kontaktlinsentr\u00e4gern.<\/p>\n","protected":false},"excerpt":{"rendered":"<p>H\u00fcbner Augenspray gegen trockene Augen stabilisiert die Lipidschicht beim trockenen Auge und verbessert die Befeuchtung der Augen und der Augenlider. Zus\u00e4tzlich erh\u00f6ht der Spray den Tragekomfort bei Kontaktlinsentr\u00e4gern.<\/p>\n","protected":false},"featured_media":97012,"template":"","meta":{"_acf_changed":false},"product_brand":[],"product_cat":[330],"product_tag":[],"class_list":{"0":"post-97010","1":"product","2":"type-product","3":"status-publish","4":"has-post-thumbnail","6":"product_cat-h","7":"pa_packungsgroesse-10ml","9":"first","10":"instock","11":"shipping-taxable","12":"purchasable","13":"product-type-simple"},"acf":[],"_links":{"self":[{"href":"https:\/\/www.hirtenberg-apotheke.at\/katalog\/wp-json\/wp\/v2\/product\/97010","targetHints":{"allow":["GET"]}}],"collection":[{"href":"https:\/\/www.hirtenberg-apotheke.at\/katalog\/wp-json\/wp\/v2\/product"}],"about":[{"href":"https:\/\/www.hirtenberg-apotheke.at\/katalog\/wp-json\/wp\/v2\/types\/product"}],"wp:featuredmedia":[{"embeddable":true,"href":"https:\/\/www.hirtenberg-apotheke.at\/katalog\/wp-json\/wp\/v2\/media\/97012"}],"wp:attachment":[{"href":"https:\/\/www.hirtenberg-apotheke.at\/katalog\/wp-json\/wp\/v2\/media?parent=97010"}],"wp:term":[{"taxonomy":"product_brand","embeddable":true,"href":"https:\/\/www.hirtenberg-apotheke.at\/katalog\/wp-json\/wp\/v2\/product_brand?post=97010"},{"taxonomy":"product_cat","embeddable":true,"href":"https:\/\/www.hirtenberg-apotheke.at\/katalog\/wp-json\/wp\/v2\/product_cat?post=97010"},{"taxonomy":"product_tag","embeddable":true,"href":"https:\/\/www.hirtenberg-apotheke.at\/katalog\/wp-json\/wp\/v2\/product_tag?post=97010"}],"curies":[{"name":"wp","href":"https:\/\/api.w.org\/{rel}","templated":true}]}}