{"id":9720,"date":"2025-11-25T14:01:42","date_gmt":"2025-11-25T13:01:42","guid":{"rendered":"https:\/\/www.hirtenberg-apotheke.at\/katalog\/produkt\/schoenenberger-weissdorn-naturreiner-heilpflanzensaft-200-ml-bio\/"},"modified":"2025-11-25T14:02:04","modified_gmt":"2025-11-25T13:02:04","slug":"schoenenberger-weissdorn-naturreiner-heilpflanzensaft-200-ml-bio","status":"publish","type":"product","link":"https:\/\/www.hirtenberg-apotheke.at\/katalog\/produkt\/schoenenberger-weissdorn-naturreiner-heilpflanzensaft-200-ml-bio\/","title":{"rendered":"Schoenenberger Wei\u00dfdorn Naturreiner Heilpflanzensaft 200 ml BIO"},"content":{"rendered":"<p>Traditionell angewendet zur Unterst\u00fctzung der Herz-Kreislauf-Funktion. Das Arzneimittel ist ein traditionelles Arzneimittel, das ausschlie\u00dflich auf Grund langj\u00e4hriger Anwendung f\u00fcr das Anwendungsgebiet registriert ist.<\/p>\n","protected":false},"excerpt":{"rendered":"<p>Traditionell angewendet zur Unterst\u00fctzung der Herz-Kreislauf-Funktion. Das Arzneimittel ist ein traditionelles Arzneimittel, das ausschlie\u00dflich auf Grund langj\u00e4hriger Anwendung f\u00fcr das Anwendungsgebiet registriert ist.<\/p>\n","protected":false},"featured_media":9722,"template":"","meta":{"_acf_changed":false},"product_brand":[],"product_cat":[303],"product_tag":[],"class_list":{"0":"post-9720","1":"product","2":"type-product","3":"status-publish","4":"has-post-thumbnail","6":"product_cat-s","7":"pa_packungsgroesse-200ml","9":"first","10":"instock","11":"shipping-taxable","12":"purchasable","13":"product-type-simple"},"acf":[],"_links":{"self":[{"href":"https:\/\/www.hirtenberg-apotheke.at\/katalog\/wp-json\/wp\/v2\/product\/9720","targetHints":{"allow":["GET"]}}],"collection":[{"href":"https:\/\/www.hirtenberg-apotheke.at\/katalog\/wp-json\/wp\/v2\/product"}],"about":[{"href":"https:\/\/www.hirtenberg-apotheke.at\/katalog\/wp-json\/wp\/v2\/types\/product"}],"wp:featuredmedia":[{"embeddable":true,"href":"https:\/\/www.hirtenberg-apotheke.at\/katalog\/wp-json\/wp\/v2\/media\/9722"}],"wp:attachment":[{"href":"https:\/\/www.hirtenberg-apotheke.at\/katalog\/wp-json\/wp\/v2\/media?parent=9720"}],"wp:term":[{"taxonomy":"product_brand","embeddable":true,"href":"https:\/\/www.hirtenberg-apotheke.at\/katalog\/wp-json\/wp\/v2\/product_brand?post=9720"},{"taxonomy":"product_cat","embeddable":true,"href":"https:\/\/www.hirtenberg-apotheke.at\/katalog\/wp-json\/wp\/v2\/product_cat?post=9720"},{"taxonomy":"product_tag","embeddable":true,"href":"https:\/\/www.hirtenberg-apotheke.at\/katalog\/wp-json\/wp\/v2\/product_tag?post=9720"}],"curies":[{"name":"wp","href":"https:\/\/api.w.org\/{rel}","templated":true}]}}