{"id":9738,"date":"2025-11-25T14:01:42","date_gmt":"2025-11-25T13:01:42","guid":{"rendered":"https:\/\/www.hirtenberg-apotheke.at\/katalog\/produkt\/hafesan-lachsoel-omega-3-vitamin-e-kapseln-80-stk\/"},"modified":"2025-11-25T14:02:20","modified_gmt":"2025-11-25T13:02:20","slug":"hafesan-lachsoel-omega-3-vitamin-e-kapseln-80-stk","status":"publish","type":"product","link":"https:\/\/www.hirtenberg-apotheke.at\/katalog\/produkt\/hafesan-lachsoel-omega-3-vitamin-e-kapseln-80-stk\/","title":{"rendered":"Hafesan Lachs\u00f6l Omega 3 + Vitamin E Kapseln 80 Stk."},"content":{"rendered":"<p>Hafesan\u00ae Lachs\u00f6l Omega 3 + Vitamin E Kapseln enthalten die Omega 3-Fetts\u00e4uren EPA und DHA. Diese sind wichtig f\u00fcr den Erhalt der Gehirnfunktion und der Sehkraft und leisten einen wichtigen Beitrag zu einer normalen Herzfunktion.<\/p>\n","protected":false},"excerpt":{"rendered":"<p>Hafesan\u00ae Lachs\u00f6l Omega 3 + Vitamin E Kapseln enthalten die Omega 3-Fetts\u00e4uren EPA und DHA. Diese sind wichtig f\u00fcr den Erhalt der Gehirnfunktion und der Sehkraft und leisten einen wichtigen Beitrag zu einer normalen Herzfunktion.<\/p>\n","protected":false},"featured_media":9740,"template":"","meta":{"_acf_changed":false},"product_brand":[329],"product_cat":[330],"product_tag":[],"class_list":{"0":"post-9738","1":"product","2":"type-product","3":"status-publish","4":"has-post-thumbnail","6":"product_brand-hafesan","7":"product_cat-h","8":"pa_packungsgroesse-80-stueck","10":"first","11":"instock","12":"shipping-taxable","13":"purchasable","14":"product-type-simple"},"acf":[],"_links":{"self":[{"href":"https:\/\/www.hirtenberg-apotheke.at\/katalog\/wp-json\/wp\/v2\/product\/9738","targetHints":{"allow":["GET"]}}],"collection":[{"href":"https:\/\/www.hirtenberg-apotheke.at\/katalog\/wp-json\/wp\/v2\/product"}],"about":[{"href":"https:\/\/www.hirtenberg-apotheke.at\/katalog\/wp-json\/wp\/v2\/types\/product"}],"wp:featuredmedia":[{"embeddable":true,"href":"https:\/\/www.hirtenberg-apotheke.at\/katalog\/wp-json\/wp\/v2\/media\/9740"}],"wp:attachment":[{"href":"https:\/\/www.hirtenberg-apotheke.at\/katalog\/wp-json\/wp\/v2\/media?parent=9738"}],"wp:term":[{"taxonomy":"product_brand","embeddable":true,"href":"https:\/\/www.hirtenberg-apotheke.at\/katalog\/wp-json\/wp\/v2\/product_brand?post=9738"},{"taxonomy":"product_cat","embeddable":true,"href":"https:\/\/www.hirtenberg-apotheke.at\/katalog\/wp-json\/wp\/v2\/product_cat?post=9738"},{"taxonomy":"product_tag","embeddable":true,"href":"https:\/\/www.hirtenberg-apotheke.at\/katalog\/wp-json\/wp\/v2\/product_tag?post=9738"}],"curies":[{"name":"wp","href":"https:\/\/api.w.org\/{rel}","templated":true}]}}