{"id":97626,"date":"2025-12-02T21:49:34","date_gmt":"2025-12-02T20:49:34","guid":{"rendered":"https:\/\/www.hirtenberg-apotheke.at\/katalog\/produkt\/life-light-klimax-kraeuterkomplex-50-ml\/"},"modified":"2025-12-02T21:49:55","modified_gmt":"2025-12-02T20:49:55","slug":"life-light-klimax-kraeuterkomplex-50-ml","status":"publish","type":"product","link":"https:\/\/www.hirtenberg-apotheke.at\/katalog\/produkt\/life-light-klimax-kraeuterkomplex-50-ml\/","title":{"rendered":"Life Light Klimax Kr\u00e4uterkomplex 50 ml"},"content":{"rendered":"<p>Die Life Light Tinktur ist ein hochwertiges Kr\u00e4uterdestillat nach Paracelsus mit einem synergistischen Komplex aus Essenzen von ausgew\u00e4hlten Kr\u00e4utern wie Traubensilberkerze, Rotklee, Salbei und Frauenmantel. Es wird ohne Zusatz von Zucker und synthetische Zusatzsstoffe hergestellt und hat einen Alkoholgehalt von 45%. Nahrungserg\u00e4nzungsmittel dienen nicht als Ersatz f\u00fcr eine abwechslungsreiche und ausgewogene Ern\u00e4hrung. Sie sind f\u00fcr Kinder unerreichbar aufzubewahren und die empfohlene Tagesdosis darf nicht \u00fcberschritten werden.<\/p>\n","protected":false},"excerpt":{"rendered":"<p>Die Life Light Tinktur ist ein hochwertiges Kr\u00e4uterdestillat nach Paracelsus mit einem synergistischen Komplex aus Essenzen von ausgew\u00e4hlten Kr\u00e4utern wie Traubensilberkerze, Rotklee, Salbei und Frauenmantel. Es wird ohne Zusatz von Zucker und synthetische Zusatzsstoffe hergestellt und hat einen Alkoholgehalt von 45%. Nahrungserg\u00e4nzungsmittel dienen nicht als Ersatz f\u00fcr eine abwechslungsreiche und ausgewogene Ern\u00e4hrung. Sie sind f\u00fcr [&hellip;]<\/p>\n","protected":false},"featured_media":97628,"template":"","meta":{"_acf_changed":false},"product_brand":[],"product_cat":[317],"product_tag":[],"class_list":{"0":"post-97626","1":"product","2":"type-product","3":"status-publish","4":"has-post-thumbnail","6":"product_cat-l","7":"pa_packungsgroesse-50ml","9":"first","10":"instock","11":"shipping-taxable","12":"purchasable","13":"product-type-simple"},"acf":[],"_links":{"self":[{"href":"https:\/\/www.hirtenberg-apotheke.at\/katalog\/wp-json\/wp\/v2\/product\/97626","targetHints":{"allow":["GET"]}}],"collection":[{"href":"https:\/\/www.hirtenberg-apotheke.at\/katalog\/wp-json\/wp\/v2\/product"}],"about":[{"href":"https:\/\/www.hirtenberg-apotheke.at\/katalog\/wp-json\/wp\/v2\/types\/product"}],"wp:featuredmedia":[{"embeddable":true,"href":"https:\/\/www.hirtenberg-apotheke.at\/katalog\/wp-json\/wp\/v2\/media\/97628"}],"wp:attachment":[{"href":"https:\/\/www.hirtenberg-apotheke.at\/katalog\/wp-json\/wp\/v2\/media?parent=97626"}],"wp:term":[{"taxonomy":"product_brand","embeddable":true,"href":"https:\/\/www.hirtenberg-apotheke.at\/katalog\/wp-json\/wp\/v2\/product_brand?post=97626"},{"taxonomy":"product_cat","embeddable":true,"href":"https:\/\/www.hirtenberg-apotheke.at\/katalog\/wp-json\/wp\/v2\/product_cat?post=97626"},{"taxonomy":"product_tag","embeddable":true,"href":"https:\/\/www.hirtenberg-apotheke.at\/katalog\/wp-json\/wp\/v2\/product_tag?post=97626"}],"curies":[{"name":"wp","href":"https:\/\/api.w.org\/{rel}","templated":true}]}}