{"id":97668,"date":"2025-12-02T21:50:26","date_gmt":"2025-12-02T20:50:26","guid":{"rendered":"https:\/\/www.hirtenberg-apotheke.at\/katalog\/produkt\/koellnflocken-250-g-haferkleie\/"},"modified":"2025-12-02T21:50:46","modified_gmt":"2025-12-02T20:50:46","slug":"koellnflocken-250-g-haferkleie","status":"publish","type":"product","link":"https:\/\/www.hirtenberg-apotheke.at\/katalog\/produkt\/koellnflocken-250-g-haferkleie\/","title":{"rendered":"K\u00f6llnflocken 250 g Haferkleie"},"content":{"rendered":"<p>K\u00f6llnflocken sind besonders feine Hafer-Vollkornflocken, die aus geschnittenen Haferkernen, der Hafergr\u00fctze, gewalzt werden. K\u00f6llnflocken sind vielseitig in der K\u00fcche einsetzbar.<\/p>\n","protected":false},"excerpt":{"rendered":"<p>K\u00f6llnflocken sind besonders feine Hafer-Vollkornflocken, die aus geschnittenen Haferkernen, der Hafergr\u00fctze, gewalzt werden. K\u00f6llnflocken sind vielseitig in der K\u00fcche einsetzbar.<\/p>\n","protected":false},"featured_media":97670,"template":"","meta":{"_acf_changed":false},"product_brand":[],"product_cat":[387],"product_tag":[],"class_list":{"0":"post-97668","1":"product","2":"type-product","3":"status-publish","4":"has-post-thumbnail","6":"product_cat-k","7":"pa_packungsgroesse-250g","9":"first","10":"instock","11":"shipping-taxable","12":"purchasable","13":"product-type-simple"},"acf":[],"_links":{"self":[{"href":"https:\/\/www.hirtenberg-apotheke.at\/katalog\/wp-json\/wp\/v2\/product\/97668","targetHints":{"allow":["GET"]}}],"collection":[{"href":"https:\/\/www.hirtenberg-apotheke.at\/katalog\/wp-json\/wp\/v2\/product"}],"about":[{"href":"https:\/\/www.hirtenberg-apotheke.at\/katalog\/wp-json\/wp\/v2\/types\/product"}],"wp:featuredmedia":[{"embeddable":true,"href":"https:\/\/www.hirtenberg-apotheke.at\/katalog\/wp-json\/wp\/v2\/media\/97670"}],"wp:attachment":[{"href":"https:\/\/www.hirtenberg-apotheke.at\/katalog\/wp-json\/wp\/v2\/media?parent=97668"}],"wp:term":[{"taxonomy":"product_brand","embeddable":true,"href":"https:\/\/www.hirtenberg-apotheke.at\/katalog\/wp-json\/wp\/v2\/product_brand?post=97668"},{"taxonomy":"product_cat","embeddable":true,"href":"https:\/\/www.hirtenberg-apotheke.at\/katalog\/wp-json\/wp\/v2\/product_cat?post=97668"},{"taxonomy":"product_tag","embeddable":true,"href":"https:\/\/www.hirtenberg-apotheke.at\/katalog\/wp-json\/wp\/v2\/product_tag?post=97668"}],"curies":[{"name":"wp","href":"https:\/\/api.w.org\/{rel}","templated":true}]}}