{"id":97677,"date":"2025-12-02T21:50:26","date_gmt":"2025-12-02T20:50:26","guid":{"rendered":"https:\/\/www.hirtenberg-apotheke.at\/katalog\/produkt\/koellnflocken-500-g-kernig-echt\/"},"modified":"2025-12-02T21:50:48","modified_gmt":"2025-12-02T20:50:48","slug":"koellnflocken-500-g-kernig-echt","status":"publish","type":"product","link":"https:\/\/www.hirtenberg-apotheke.at\/katalog\/produkt\/koellnflocken-500-g-kernig-echt\/","title":{"rendered":"K\u00f6llnflocken 500 g Kernig Echt"},"content":{"rendered":"<p>K\u00f6llnflocken sind besonders feine Hafer-Vollkornflocken, die aus geschnittenen Haferkernen, der Hafergr\u00fctze, gewalzt werden. K\u00f6llnflocken sind vielseitig in der K\u00fcche einsetzbar.<\/p>\n","protected":false},"excerpt":{"rendered":"<p>K\u00f6llnflocken sind besonders feine Hafer-Vollkornflocken, die aus geschnittenen Haferkernen, der Hafergr\u00fctze, gewalzt werden. K\u00f6llnflocken sind vielseitig in der K\u00fcche einsetzbar.<\/p>\n","protected":false},"featured_media":0,"template":"","meta":{"_acf_changed":false},"product_brand":[],"product_cat":[387],"product_tag":[],"class_list":{"0":"post-97677","1":"product","2":"type-product","3":"status-publish","5":"product_cat-k","6":"pa_packungsgroesse-500g","8":"first","9":"instock","10":"shipping-taxable","11":"purchasable","12":"product-type-simple"},"acf":[],"_links":{"self":[{"href":"https:\/\/www.hirtenberg-apotheke.at\/katalog\/wp-json\/wp\/v2\/product\/97677","targetHints":{"allow":["GET"]}}],"collection":[{"href":"https:\/\/www.hirtenberg-apotheke.at\/katalog\/wp-json\/wp\/v2\/product"}],"about":[{"href":"https:\/\/www.hirtenberg-apotheke.at\/katalog\/wp-json\/wp\/v2\/types\/product"}],"wp:attachment":[{"href":"https:\/\/www.hirtenberg-apotheke.at\/katalog\/wp-json\/wp\/v2\/media?parent=97677"}],"wp:term":[{"taxonomy":"product_brand","embeddable":true,"href":"https:\/\/www.hirtenberg-apotheke.at\/katalog\/wp-json\/wp\/v2\/product_brand?post=97677"},{"taxonomy":"product_cat","embeddable":true,"href":"https:\/\/www.hirtenberg-apotheke.at\/katalog\/wp-json\/wp\/v2\/product_cat?post=97677"},{"taxonomy":"product_tag","embeddable":true,"href":"https:\/\/www.hirtenberg-apotheke.at\/katalog\/wp-json\/wp\/v2\/product_tag?post=97677"}],"curies":[{"name":"wp","href":"https:\/\/api.w.org\/{rel}","templated":true}]}}