{"id":97853,"date":"2025-12-02T21:54:19","date_gmt":"2025-12-02T20:54:19","guid":{"rendered":"https:\/\/www.hirtenberg-apotheke.at\/katalog\/produkt\/la-roche-posay-anthelios-sun-intolerance-lsf-50-50-ml\/"},"modified":"2025-12-02T21:54:27","modified_gmt":"2025-12-02T20:54:27","slug":"la-roche-posay-anthelios-sun-intolerance-lsf-50-50-ml","status":"publish","type":"product","link":"https:\/\/www.hirtenberg-apotheke.at\/katalog\/produkt\/la-roche-posay-anthelios-sun-intolerance-lsf-50-50-ml\/","title":{"rendered":"La Roche-Posay Anthelios Sun Intolerance LSF 50+ 50 ml"},"content":{"rendered":"<p>La Roche-Posay Anthelios Sun Intolerance LSF 50+ bietet t\u00e4gliche Sonnenpflege mit sehr hohem UVA- und UVB-Schutz und Neurosensine: Sch\u00fctzt die Haut und mildert UV-bedingte Irritationen und R\u00f6tungen. Ohne Duftstoffe. F\u00fcr lichtempfindliche und zu Sonnenallergie neigende Haut. Die Wirkstoff-Kombination aus Neurosensine und antioxidativem La Roche-Posay Thermalwasser pflegt und beruhigt die Haut zus\u00e4tzlich bei R\u00f6tungen und mildert UV-bedingten Juckreiz-<\/p>\n","protected":false},"excerpt":{"rendered":"<p>La Roche-Posay Anthelios Sun Intolerance LSF 50+ bietet t\u00e4gliche Sonnenpflege mit sehr hohem UVA- und UVB-Schutz und Neurosensine: Sch\u00fctzt die Haut und mildert UV-bedingte Irritationen und R\u00f6tungen. Ohne Duftstoffe. F\u00fcr lichtempfindliche und zu Sonnenallergie neigende Haut. Die Wirkstoff-Kombination aus Neurosensine und antioxidativem La Roche-Posay Thermalwasser pflegt und beruhigt die Haut zus\u00e4tzlich bei R\u00f6tungen und mildert [&hellip;]<\/p>\n","protected":false},"featured_media":97855,"template":"","meta":{"_acf_changed":false},"product_brand":[692],"product_cat":[317],"product_tag":[],"class_list":{"0":"post-97853","1":"product","2":"type-product","3":"status-publish","4":"has-post-thumbnail","6":"product_brand-la-roche-posay","7":"product_cat-l","8":"pa_packungsgroesse-50ml","10":"first","11":"instock","12":"shipping-taxable","13":"purchasable","14":"product-type-simple"},"acf":[],"_links":{"self":[{"href":"https:\/\/www.hirtenberg-apotheke.at\/katalog\/wp-json\/wp\/v2\/product\/97853","targetHints":{"allow":["GET"]}}],"collection":[{"href":"https:\/\/www.hirtenberg-apotheke.at\/katalog\/wp-json\/wp\/v2\/product"}],"about":[{"href":"https:\/\/www.hirtenberg-apotheke.at\/katalog\/wp-json\/wp\/v2\/types\/product"}],"wp:featuredmedia":[{"embeddable":true,"href":"https:\/\/www.hirtenberg-apotheke.at\/katalog\/wp-json\/wp\/v2\/media\/97855"}],"wp:attachment":[{"href":"https:\/\/www.hirtenberg-apotheke.at\/katalog\/wp-json\/wp\/v2\/media?parent=97853"}],"wp:term":[{"taxonomy":"product_brand","embeddable":true,"href":"https:\/\/www.hirtenberg-apotheke.at\/katalog\/wp-json\/wp\/v2\/product_brand?post=97853"},{"taxonomy":"product_cat","embeddable":true,"href":"https:\/\/www.hirtenberg-apotheke.at\/katalog\/wp-json\/wp\/v2\/product_cat?post=97853"},{"taxonomy":"product_tag","embeddable":true,"href":"https:\/\/www.hirtenberg-apotheke.at\/katalog\/wp-json\/wp\/v2\/product_tag?post=97853"}],"curies":[{"name":"wp","href":"https:\/\/api.w.org\/{rel}","templated":true}]}}