{"id":97884,"date":"2025-12-02T21:54:58","date_gmt":"2025-12-02T20:54:58","guid":{"rendered":"https:\/\/www.hirtenberg-apotheke.at\/katalog\/produkt\/la-roche-posay-lipikar-baume-light-apm-rueckfettende-neurodermitis-lotion-200ml\/"},"modified":"2025-12-02T21:55:34","modified_gmt":"2025-12-02T20:55:34","slug":"la-roche-posay-lipikar-baume-light-apm-rueckfettende-neurodermitis-lotion-200ml","status":"publish","type":"product","link":"https:\/\/www.hirtenberg-apotheke.at\/katalog\/produkt\/la-roche-posay-lipikar-baume-light-apm-rueckfettende-neurodermitis-lotion-200ml\/","title":{"rendered":"La Roche Posay Lipikar Baume Light AP+M r\u00fcckfettende Neurodermitis-Lotion 200ml"},"content":{"rendered":"<p>Pflegende K\u00f6rperlotion bei Neurodermitis und empfindlicher Haut. LIPIKAR Baume AP+M mit Anti-Juckreiz- und Anti-R\u00fcckfall-Effekt wirkt hautberuhigend und stabilisiert das Mikrobiom der Haut.<\/p>\n","protected":false},"excerpt":{"rendered":"<p>Pflegende K\u00f6rperlotion bei Neurodermitis und empfindlicher Haut. LIPIKAR Baume AP+M mit Anti-Juckreiz- und Anti-R\u00fcckfall-Effekt wirkt hautberuhigend und stabilisiert das Mikrobiom der Haut.<\/p>\n","protected":false},"featured_media":97886,"template":"","meta":{"_acf_changed":false},"product_brand":[692],"product_cat":[317],"product_tag":[],"class_list":{"0":"post-97884","1":"product","2":"type-product","3":"status-publish","4":"has-post-thumbnail","6":"product_brand-la-roche-posay","7":"product_cat-l","8":"pa_packungsgroesse-200ml","10":"first","11":"instock","12":"shipping-taxable","13":"purchasable","14":"product-type-simple"},"acf":[],"_links":{"self":[{"href":"https:\/\/www.hirtenberg-apotheke.at\/katalog\/wp-json\/wp\/v2\/product\/97884","targetHints":{"allow":["GET"]}}],"collection":[{"href":"https:\/\/www.hirtenberg-apotheke.at\/katalog\/wp-json\/wp\/v2\/product"}],"about":[{"href":"https:\/\/www.hirtenberg-apotheke.at\/katalog\/wp-json\/wp\/v2\/types\/product"}],"wp:featuredmedia":[{"embeddable":true,"href":"https:\/\/www.hirtenberg-apotheke.at\/katalog\/wp-json\/wp\/v2\/media\/97886"}],"wp:attachment":[{"href":"https:\/\/www.hirtenberg-apotheke.at\/katalog\/wp-json\/wp\/v2\/media?parent=97884"}],"wp:term":[{"taxonomy":"product_brand","embeddable":true,"href":"https:\/\/www.hirtenberg-apotheke.at\/katalog\/wp-json\/wp\/v2\/product_brand?post=97884"},{"taxonomy":"product_cat","embeddable":true,"href":"https:\/\/www.hirtenberg-apotheke.at\/katalog\/wp-json\/wp\/v2\/product_cat?post=97884"},{"taxonomy":"product_tag","embeddable":true,"href":"https:\/\/www.hirtenberg-apotheke.at\/katalog\/wp-json\/wp\/v2\/product_tag?post=97884"}],"curies":[{"name":"wp","href":"https:\/\/api.w.org\/{rel}","templated":true}]}}