{"id":97913,"date":"2025-12-02T21:56:03","date_gmt":"2025-12-02T20:56:03","guid":{"rendered":"https:\/\/www.hirtenberg-apotheke.at\/katalog\/produkt\/la-roche-posay-anthelios-hydratisierende-getoente-bb-creme-uvmune-400-lsf-50\/"},"modified":"2025-12-02T21:56:29","modified_gmt":"2025-12-02T20:56:29","slug":"la-roche-posay-anthelios-hydratisierende-getoente-bb-creme-uvmune-400-lsf-50","status":"publish","type":"product","link":"https:\/\/www.hirtenberg-apotheke.at\/katalog\/produkt\/la-roche-posay-anthelios-hydratisierende-getoente-bb-creme-uvmune-400-lsf-50\/","title":{"rendered":"La Roche-Posay Anthelios Hydratisierende Get\u00f6nte BB-Creme UVMune 400 LSF 50+"},"content":{"rendered":"<p>La Roche-Posay Anthelios Hydratisierende Get\u00f6nte BB-Creme UVMune 400 LSF 50+ 50 ml MEXORYL 400, einem wirksamen UV-Filter gegen die sch\u00e4dlichsten UV-Strahlen, sch\u00fctzt auch vor langen UVA-Strahlen. Die get\u00f6nte Sonnencreme f\u00fcr das Gesicht bietet einen hohen Schutz vor UVB-, UVA- und langen UVA-Strahlen, um tiefen Zellsch\u00e4den entgegenzuwirken. Getestet an empfindlicher, reaktiver und zu Sonnenallergie neigender Haut. Geeignet f\u00fcr alle Haut- und Phototypen.  Extra wasserfest, schwei\u00dfresistent und sandabweisend. Sehr gute Vertr\u00e4glichkeit. Anti-Augenbrennen. Unsichtbare, leichte Textur.<\/p>\n","protected":false},"excerpt":{"rendered":"<p>La Roche-Posay Anthelios Hydratisierende Get\u00f6nte BB-Creme UVMune 400 LSF 50+ 50 ml MEXORYL 400, einem wirksamen UV-Filter gegen die sch\u00e4dlichsten UV-Strahlen, sch\u00fctzt auch vor langen UVA-Strahlen. Die get\u00f6nte Sonnencreme f\u00fcr das Gesicht bietet einen hohen Schutz vor UVB-, UVA- und langen UVA-Strahlen, um tiefen Zellsch\u00e4den entgegenzuwirken. Getestet an empfindlicher, reaktiver und zu Sonnenallergie neigender Haut. [&hellip;]<\/p>\n","protected":false},"featured_media":97915,"template":"","meta":{"_acf_changed":false},"product_brand":[692],"product_cat":[317],"product_tag":[],"class_list":{"0":"post-97913","1":"product","2":"type-product","3":"status-publish","4":"has-post-thumbnail","6":"product_brand-la-roche-posay","7":"product_cat-l","8":"pa_packungsgroesse-50ml","10":"first","11":"instock","12":"shipping-taxable","13":"purchasable","14":"product-type-simple"},"acf":[],"_links":{"self":[{"href":"https:\/\/www.hirtenberg-apotheke.at\/katalog\/wp-json\/wp\/v2\/product\/97913","targetHints":{"allow":["GET"]}}],"collection":[{"href":"https:\/\/www.hirtenberg-apotheke.at\/katalog\/wp-json\/wp\/v2\/product"}],"about":[{"href":"https:\/\/www.hirtenberg-apotheke.at\/katalog\/wp-json\/wp\/v2\/types\/product"}],"wp:featuredmedia":[{"embeddable":true,"href":"https:\/\/www.hirtenberg-apotheke.at\/katalog\/wp-json\/wp\/v2\/media\/97915"}],"wp:attachment":[{"href":"https:\/\/www.hirtenberg-apotheke.at\/katalog\/wp-json\/wp\/v2\/media?parent=97913"}],"wp:term":[{"taxonomy":"product_brand","embeddable":true,"href":"https:\/\/www.hirtenberg-apotheke.at\/katalog\/wp-json\/wp\/v2\/product_brand?post=97913"},{"taxonomy":"product_cat","embeddable":true,"href":"https:\/\/www.hirtenberg-apotheke.at\/katalog\/wp-json\/wp\/v2\/product_cat?post=97913"},{"taxonomy":"product_tag","embeddable":true,"href":"https:\/\/www.hirtenberg-apotheke.at\/katalog\/wp-json\/wp\/v2\/product_tag?post=97913"}],"curies":[{"name":"wp","href":"https:\/\/api.w.org\/{rel}","templated":true}]}}