{"id":97931,"date":"2025-12-02T21:56:28","date_gmt":"2025-12-02T20:56:28","guid":{"rendered":"https:\/\/www.hirtenberg-apotheke.at\/katalog\/produkt\/la-roche-posay-anthelios-invisible-fluid-getoent-uvmune-400-lsf-50\/"},"modified":"2025-12-02T21:56:54","modified_gmt":"2025-12-02T20:56:54","slug":"la-roche-posay-anthelios-invisible-fluid-getoent-uvmune-400-lsf-50","status":"publish","type":"product","link":"https:\/\/www.hirtenberg-apotheke.at\/katalog\/produkt\/la-roche-posay-anthelios-invisible-fluid-getoent-uvmune-400-lsf-50\/","title":{"rendered":"La Roche-Posay Anthelios Invisible Fluid get\u00f6nt UVMune 400 LSF 50+"},"content":{"rendered":"<p>La Roche-Posay Anthelios Invisible Fluid get\u00f6nt UVMune 400 LSF 50+ 50 ml ist ein ultra-leichtes Sonnenschutz-Fluid. F\u00fcr alle Hauttypen geeignet, auch bei empfindlicher Haut. Formel ohne Duftstoffe. Unsichtbares Finish auf der Haut.<\/p>\n","protected":false},"excerpt":{"rendered":"<p>La Roche-Posay Anthelios Invisible Fluid get\u00f6nt UVMune 400 LSF 50+ 50 ml ist ein ultra-leichtes Sonnenschutz-Fluid. F\u00fcr alle Hauttypen geeignet, auch bei empfindlicher Haut. Formel ohne Duftstoffe. Unsichtbares Finish auf der Haut.<\/p>\n","protected":false},"featured_media":97933,"template":"","meta":{"_acf_changed":false},"product_brand":[692],"product_cat":[317],"product_tag":[],"class_list":{"0":"post-97931","1":"product","2":"type-product","3":"status-publish","4":"has-post-thumbnail","6":"product_brand-la-roche-posay","7":"product_cat-l","8":"pa_packungsgroesse-50ml","10":"first","11":"instock","12":"shipping-taxable","13":"purchasable","14":"product-type-simple"},"acf":[],"_links":{"self":[{"href":"https:\/\/www.hirtenberg-apotheke.at\/katalog\/wp-json\/wp\/v2\/product\/97931","targetHints":{"allow":["GET"]}}],"collection":[{"href":"https:\/\/www.hirtenberg-apotheke.at\/katalog\/wp-json\/wp\/v2\/product"}],"about":[{"href":"https:\/\/www.hirtenberg-apotheke.at\/katalog\/wp-json\/wp\/v2\/types\/product"}],"wp:featuredmedia":[{"embeddable":true,"href":"https:\/\/www.hirtenberg-apotheke.at\/katalog\/wp-json\/wp\/v2\/media\/97933"}],"wp:attachment":[{"href":"https:\/\/www.hirtenberg-apotheke.at\/katalog\/wp-json\/wp\/v2\/media?parent=97931"}],"wp:term":[{"taxonomy":"product_brand","embeddable":true,"href":"https:\/\/www.hirtenberg-apotheke.at\/katalog\/wp-json\/wp\/v2\/product_brand?post=97931"},{"taxonomy":"product_cat","embeddable":true,"href":"https:\/\/www.hirtenberg-apotheke.at\/katalog\/wp-json\/wp\/v2\/product_cat?post=97931"},{"taxonomy":"product_tag","embeddable":true,"href":"https:\/\/www.hirtenberg-apotheke.at\/katalog\/wp-json\/wp\/v2\/product_tag?post=97931"}],"curies":[{"name":"wp","href":"https:\/\/api.w.org\/{rel}","templated":true}]}}