{"id":97962,"date":"2025-12-02T21:57:11","date_gmt":"2025-12-02T20:57:11","guid":{"rendered":"https:\/\/www.hirtenberg-apotheke.at\/katalog\/produkt\/la-roche-posay-respectissime-augenbrauenstift-dunkelbraun-1-stk\/"},"modified":"2025-12-02T21:57:43","modified_gmt":"2025-12-02T20:57:43","slug":"la-roche-posay-respectissime-augenbrauenstift-dunkelbraun-1-stk","status":"publish","type":"product","link":"https:\/\/www.hirtenberg-apotheke.at\/katalog\/produkt\/la-roche-posay-respectissime-augenbrauenstift-dunkelbraun-1-stk\/","title":{"rendered":"La Roche Posay Respectissime Augenbrauenstift dunkelbraun 1 Stk."},"content":{"rendered":"<p>La Roche Posay Respectissime Augenbrauenstift Braun besitzt eine ultra-sanfte Textur f\u00fcr einen nat\u00fcrlichen Look. Die wasserfeste Formel ist schwei\u00dfresistent, f\u00e4rbt nicht ab und h\u00e4lt den ganzen Tag. Die extra-weiche B\u00fcrste sorgt f\u00fcr ein ultra-sanftes Auftragen. Auch zum Nachzeichnen der Augenbrauen geeignet.<\/p>\n","protected":false},"excerpt":{"rendered":"<p>La Roche Posay Respectissime Augenbrauenstift Braun besitzt eine ultra-sanfte Textur f\u00fcr einen nat\u00fcrlichen Look. Die wasserfeste Formel ist schwei\u00dfresistent, f\u00e4rbt nicht ab und h\u00e4lt den ganzen Tag. Die extra-weiche B\u00fcrste sorgt f\u00fcr ein ultra-sanftes Auftragen. Auch zum Nachzeichnen der Augenbrauen geeignet.<\/p>\n","protected":false},"featured_media":97964,"template":"","meta":{"_acf_changed":false},"product_brand":[692],"product_cat":[317],"product_tag":[],"class_list":{"0":"post-97962","1":"product","2":"type-product","3":"status-publish","4":"has-post-thumbnail","6":"product_brand-la-roche-posay","7":"product_cat-l","8":"pa_packungsgroesse-1-stueck","10":"first","11":"instock","12":"shipping-taxable","13":"purchasable","14":"product-type-simple"},"acf":[],"_links":{"self":[{"href":"https:\/\/www.hirtenberg-apotheke.at\/katalog\/wp-json\/wp\/v2\/product\/97962","targetHints":{"allow":["GET"]}}],"collection":[{"href":"https:\/\/www.hirtenberg-apotheke.at\/katalog\/wp-json\/wp\/v2\/product"}],"about":[{"href":"https:\/\/www.hirtenberg-apotheke.at\/katalog\/wp-json\/wp\/v2\/types\/product"}],"wp:featuredmedia":[{"embeddable":true,"href":"https:\/\/www.hirtenberg-apotheke.at\/katalog\/wp-json\/wp\/v2\/media\/97964"}],"wp:attachment":[{"href":"https:\/\/www.hirtenberg-apotheke.at\/katalog\/wp-json\/wp\/v2\/media?parent=97962"}],"wp:term":[{"taxonomy":"product_brand","embeddable":true,"href":"https:\/\/www.hirtenberg-apotheke.at\/katalog\/wp-json\/wp\/v2\/product_brand?post=97962"},{"taxonomy":"product_cat","embeddable":true,"href":"https:\/\/www.hirtenberg-apotheke.at\/katalog\/wp-json\/wp\/v2\/product_cat?post=97962"},{"taxonomy":"product_tag","embeddable":true,"href":"https:\/\/www.hirtenberg-apotheke.at\/katalog\/wp-json\/wp\/v2\/product_tag?post=97962"}],"curies":[{"name":"wp","href":"https:\/\/api.w.org\/{rel}","templated":true}]}}