{"id":98083,"date":"2025-12-02T22:00:46","date_gmt":"2025-12-02T21:00:46","guid":{"rendered":"https:\/\/www.hirtenberg-apotheke.at\/katalog\/produkt\/lenscare-multiaction-380-ml\/"},"modified":"2025-12-02T22:00:54","modified_gmt":"2025-12-02T21:00:54","slug":"lenscare-multiaction-380-ml","status":"publish","type":"product","link":"https:\/\/www.hirtenberg-apotheke.at\/katalog\/produkt\/lenscare-multiaction-380-ml\/","title":{"rendered":"Lenscare Multiaction 380 ml"},"content":{"rendered":"<p>Lenscare Multiaction eignet sich zum Reinigen (Abreiben), Absp\u00fclen, Desinfizieren, Aufbewahren und Aufsetzen der Kontaktlinsen. W\u00e4hrend der Aufbewahrung findet die Desinfektion statt. Daf\u00fcr ist eine Lagerung von mindestens 4 Stunden n\u00f6tig. Die in der All-In-One-L\u00f6sung enthaltenen Konservierungsstoffe erm\u00f6glichen eine Aufbewahrung der Kontaktlinsen \u00fcber mehrere Tage.<\/p>\n","protected":false},"excerpt":{"rendered":"<p>Lenscare Multiaction eignet sich zum Reinigen (Abreiben), Absp\u00fclen, Desinfizieren, Aufbewahren und Aufsetzen der Kontaktlinsen. W\u00e4hrend der Aufbewahrung findet die Desinfektion statt. Daf\u00fcr ist eine Lagerung von mindestens 4 Stunden n\u00f6tig. Die in der All-In-One-L\u00f6sung enthaltenen Konservierungsstoffe erm\u00f6glichen eine Aufbewahrung der Kontaktlinsen \u00fcber mehrere Tage.<\/p>\n","protected":false},"featured_media":98085,"template":"","meta":{"_acf_changed":false},"product_brand":[],"product_cat":[317],"product_tag":[],"class_list":{"0":"post-98083","1":"product","2":"type-product","3":"status-publish","4":"has-post-thumbnail","6":"product_cat-l","7":"pa_packungsgroesse-380ml","9":"first","10":"instock","11":"shipping-taxable","12":"purchasable","13":"product-type-simple"},"acf":[],"_links":{"self":[{"href":"https:\/\/www.hirtenberg-apotheke.at\/katalog\/wp-json\/wp\/v2\/product\/98083","targetHints":{"allow":["GET"]}}],"collection":[{"href":"https:\/\/www.hirtenberg-apotheke.at\/katalog\/wp-json\/wp\/v2\/product"}],"about":[{"href":"https:\/\/www.hirtenberg-apotheke.at\/katalog\/wp-json\/wp\/v2\/types\/product"}],"wp:featuredmedia":[{"embeddable":true,"href":"https:\/\/www.hirtenberg-apotheke.at\/katalog\/wp-json\/wp\/v2\/media\/98085"}],"wp:attachment":[{"href":"https:\/\/www.hirtenberg-apotheke.at\/katalog\/wp-json\/wp\/v2\/media?parent=98083"}],"wp:term":[{"taxonomy":"product_brand","embeddable":true,"href":"https:\/\/www.hirtenberg-apotheke.at\/katalog\/wp-json\/wp\/v2\/product_brand?post=98083"},{"taxonomy":"product_cat","embeddable":true,"href":"https:\/\/www.hirtenberg-apotheke.at\/katalog\/wp-json\/wp\/v2\/product_cat?post=98083"},{"taxonomy":"product_tag","embeddable":true,"href":"https:\/\/www.hirtenberg-apotheke.at\/katalog\/wp-json\/wp\/v2\/product_tag?post=98083"}],"curies":[{"name":"wp","href":"https:\/\/api.w.org\/{rel}","templated":true}]}}