{"id":98139,"date":"2025-12-02T22:02:32","date_gmt":"2025-12-02T21:02:32","guid":{"rendered":"https:\/\/www.hirtenberg-apotheke.at\/katalog\/produkt\/gall-pharma-l-glutaminsaeure-400mg-kapseln-60-stk\/"},"modified":"2025-12-02T22:02:39","modified_gmt":"2025-12-02T21:02:39","slug":"gall-pharma-l-glutaminsaeure-400mg-kapseln-60-stk","status":"publish","type":"product","link":"https:\/\/www.hirtenberg-apotheke.at\/katalog\/produkt\/gall-pharma-l-glutaminsaeure-400mg-kapseln-60-stk\/","title":{"rendered":"Gall Pharma L-Glutamins\u00e4ure 400mg Kapseln 60 Stk."},"content":{"rendered":"<p>L-Glutamins\u00e4ure GPH Kapseln enthalten 400 mg L-Glutamins\u00e4ure, die von zentraler Bedeutung f\u00fcr Lern- und Ged\u00e4chtnisfunktionen und einer Studie zufolge in der Lage ist, Hirnleistung und Konzentrationsverm\u00f6gen zu steigern. Diese Aminos\u00e4ure hat zudem eine Entgiftungsfunktion und ist ein Energietr\u00e4ger im Immunsystem sowie im Energiestoffwechsel der Muskulatur.<\/p>\n","protected":false},"excerpt":{"rendered":"<p>L-Glutamins\u00e4ure GPH Kapseln enthalten 400 mg L-Glutamins\u00e4ure, die von zentraler Bedeutung f\u00fcr Lern- und Ged\u00e4chtnisfunktionen und einer Studie zufolge in der Lage ist, Hirnleistung und Konzentrationsverm\u00f6gen zu steigern. Diese Aminos\u00e4ure hat zudem eine Entgiftungsfunktion und ist ein Energietr\u00e4ger im Immunsystem sowie im Energiestoffwechsel der Muskulatur.<\/p>\n","protected":false},"featured_media":98141,"template":"","meta":{"_acf_changed":false},"product_brand":[316],"product_cat":[328],"product_tag":[],"class_list":{"0":"post-98139","1":"product","2":"type-product","3":"status-publish","4":"has-post-thumbnail","6":"product_brand-gall-pharma","7":"product_cat-g","8":"pa_packungsgroesse-60-stueck","10":"first","11":"instock","12":"shipping-taxable","13":"purchasable","14":"product-type-simple"},"acf":[],"_links":{"self":[{"href":"https:\/\/www.hirtenberg-apotheke.at\/katalog\/wp-json\/wp\/v2\/product\/98139","targetHints":{"allow":["GET"]}}],"collection":[{"href":"https:\/\/www.hirtenberg-apotheke.at\/katalog\/wp-json\/wp\/v2\/product"}],"about":[{"href":"https:\/\/www.hirtenberg-apotheke.at\/katalog\/wp-json\/wp\/v2\/types\/product"}],"wp:featuredmedia":[{"embeddable":true,"href":"https:\/\/www.hirtenberg-apotheke.at\/katalog\/wp-json\/wp\/v2\/media\/98141"}],"wp:attachment":[{"href":"https:\/\/www.hirtenberg-apotheke.at\/katalog\/wp-json\/wp\/v2\/media?parent=98139"}],"wp:term":[{"taxonomy":"product_brand","embeddable":true,"href":"https:\/\/www.hirtenberg-apotheke.at\/katalog\/wp-json\/wp\/v2\/product_brand?post=98139"},{"taxonomy":"product_cat","embeddable":true,"href":"https:\/\/www.hirtenberg-apotheke.at\/katalog\/wp-json\/wp\/v2\/product_cat?post=98139"},{"taxonomy":"product_tag","embeddable":true,"href":"https:\/\/www.hirtenberg-apotheke.at\/katalog\/wp-json\/wp\/v2\/product_tag?post=98139"}],"curies":[{"name":"wp","href":"https:\/\/api.w.org\/{rel}","templated":true}]}}