{"id":98144,"date":"2025-12-02T22:02:32","date_gmt":"2025-12-02T21:02:32","guid":{"rendered":"https:\/\/www.hirtenberg-apotheke.at\/katalog\/produkt\/lifo-scrub-wasch-hand-desinfektion-500-ml\/"},"modified":"2025-12-02T22:02:43","modified_gmt":"2025-12-02T21:02:43","slug":"lifo-scrub-wasch-hand-desinfektion-500-ml","status":"publish","type":"product","link":"https:\/\/www.hirtenberg-apotheke.at\/katalog\/produkt\/lifo-scrub-wasch-hand-desinfektion-500-ml\/","title":{"rendered":"Lifo-scrub Wasch Hand Desinfektion 500 ml"},"content":{"rendered":"<p>Lifo-scrub Wasch Hand Desinfektion dient f\u00fcr die hygienische H\u00e4ndewaschung und die chirurgische H\u00e4ndedesinfektion. Dieses Mittel zeichnet sich durch sein breites Wirk- und Anwendungsspektrum aus und wirkt gegen Bakterien, Pilze und beh\u00fcllte Viren.<\/p>\n","protected":false},"excerpt":{"rendered":"<p>Lifo-scrub Wasch Hand Desinfektion dient f\u00fcr die hygienische H\u00e4ndewaschung und die chirurgische H\u00e4ndedesinfektion. Dieses Mittel zeichnet sich durch sein breites Wirk- und Anwendungsspektrum aus und wirkt gegen Bakterien, Pilze und beh\u00fcllte Viren.<\/p>\n","protected":false},"featured_media":0,"template":"","meta":{"_acf_changed":false},"product_brand":[],"product_cat":[317],"product_tag":[],"class_list":{"0":"post-98144","1":"product","2":"type-product","3":"status-publish","5":"product_cat-l","6":"pa_packungsgroesse-500ml","8":"first","9":"instock","10":"shipping-taxable","11":"purchasable","12":"product-type-simple"},"acf":[],"_links":{"self":[{"href":"https:\/\/www.hirtenberg-apotheke.at\/katalog\/wp-json\/wp\/v2\/product\/98144","targetHints":{"allow":["GET"]}}],"collection":[{"href":"https:\/\/www.hirtenberg-apotheke.at\/katalog\/wp-json\/wp\/v2\/product"}],"about":[{"href":"https:\/\/www.hirtenberg-apotheke.at\/katalog\/wp-json\/wp\/v2\/types\/product"}],"wp:attachment":[{"href":"https:\/\/www.hirtenberg-apotheke.at\/katalog\/wp-json\/wp\/v2\/media?parent=98144"}],"wp:term":[{"taxonomy":"product_brand","embeddable":true,"href":"https:\/\/www.hirtenberg-apotheke.at\/katalog\/wp-json\/wp\/v2\/product_brand?post=98144"},{"taxonomy":"product_cat","embeddable":true,"href":"https:\/\/www.hirtenberg-apotheke.at\/katalog\/wp-json\/wp\/v2\/product_cat?post=98144"},{"taxonomy":"product_tag","embeddable":true,"href":"https:\/\/www.hirtenberg-apotheke.at\/katalog\/wp-json\/wp\/v2\/product_tag?post=98144"}],"curies":[{"name":"wp","href":"https:\/\/api.w.org\/{rel}","templated":true}]}}