{"id":98152,"date":"2025-12-02T22:02:48","date_gmt":"2025-12-02T21:02:48","guid":{"rendered":"https:\/\/www.hirtenberg-apotheke.at\/katalog\/produkt\/linusit-darmaktiv-classic-10-g\/"},"modified":"2025-12-02T22:03:01","modified_gmt":"2025-12-02T21:03:01","slug":"linusit-darmaktiv-classic-10-g","status":"publish","type":"product","link":"https:\/\/www.hirtenberg-apotheke.at\/katalog\/produkt\/linusit-darmaktiv-classic-10-g\/","title":{"rendered":"Linusit Darmaktiv Classic 10 g"},"content":{"rendered":"<p>Linusit Darmaktiv Classic 10 g sind spezielle Arzneimittelleinsamen, die die h\u00f6chste Quellf\u00e4higkeit aufweisen. Sie reaktivieren die nat\u00fcrliche Darmbewegung effektiv und auf rein physikalischem Weg. Eine Leinsamen-Gelzubereitung beruhigt und sch\u00fctzt speziell auch bei Reizdarm.<\/p>\n","protected":false},"excerpt":{"rendered":"<p>Linusit Darmaktiv Classic 10 g sind spezielle Arzneimittelleinsamen, die die h\u00f6chste Quellf\u00e4higkeit aufweisen. Sie reaktivieren die nat\u00fcrliche Darmbewegung effektiv und auf rein physikalischem Weg. Eine Leinsamen-Gelzubereitung beruhigt und sch\u00fctzt speziell auch bei Reizdarm.<\/p>\n","protected":false},"featured_media":0,"template":"","meta":{"_acf_changed":false},"product_brand":[],"product_cat":[317],"product_tag":[],"class_list":{"0":"post-98152","1":"product","2":"type-product","3":"status-publish","5":"product_cat-l","6":"pa_packungsgroesse-20-beutel","8":"first","9":"instock","10":"shipping-taxable","11":"purchasable","12":"product-type-simple"},"acf":[],"_links":{"self":[{"href":"https:\/\/www.hirtenberg-apotheke.at\/katalog\/wp-json\/wp\/v2\/product\/98152","targetHints":{"allow":["GET"]}}],"collection":[{"href":"https:\/\/www.hirtenberg-apotheke.at\/katalog\/wp-json\/wp\/v2\/product"}],"about":[{"href":"https:\/\/www.hirtenberg-apotheke.at\/katalog\/wp-json\/wp\/v2\/types\/product"}],"wp:attachment":[{"href":"https:\/\/www.hirtenberg-apotheke.at\/katalog\/wp-json\/wp\/v2\/media?parent=98152"}],"wp:term":[{"taxonomy":"product_brand","embeddable":true,"href":"https:\/\/www.hirtenberg-apotheke.at\/katalog\/wp-json\/wp\/v2\/product_brand?post=98152"},{"taxonomy":"product_cat","embeddable":true,"href":"https:\/\/www.hirtenberg-apotheke.at\/katalog\/wp-json\/wp\/v2\/product_cat?post=98152"},{"taxonomy":"product_tag","embeddable":true,"href":"https:\/\/www.hirtenberg-apotheke.at\/katalog\/wp-json\/wp\/v2\/product_tag?post=98152"}],"curies":[{"name":"wp","href":"https:\/\/api.w.org\/{rel}","templated":true}]}}