{"id":98154,"date":"2025-12-02T22:02:48","date_gmt":"2025-12-02T21:02:48","guid":{"rendered":"https:\/\/www.hirtenberg-apotheke.at\/katalog\/produkt\/linusit-magenschutz-classic-10-g-12-stk\/"},"modified":"2025-12-02T22:03:06","modified_gmt":"2025-12-02T21:03:06","slug":"linusit-magenschutz-classic-10-g-12-stk","status":"publish","type":"product","link":"https:\/\/www.hirtenberg-apotheke.at\/katalog\/produkt\/linusit-magenschutz-classic-10-g-12-stk\/","title":{"rendered":"Linusit Magenschutz Classic 10 g 12 Stk."},"content":{"rendered":"<p>Linusit Magenschutz Classic 10 g ist ein hochwirksames Leinsamenpulver, welches die Schleimhaut des Magens als nat\u00fcrliche Basistherapie bei allen Magenbeschwerden sch\u00fctzt. Linusit Leinsamen enthalten besonders viele l\u00f6sliche, gelbildende Ballaststoffe. Durch einen Aufguss mit hei\u00dfem Wasser werden diese freigesetzt und legen sich nach dem Einnehmen wie ein Schutzfilm auf die empfindliche Magenschleimhaut.<\/p>\n","protected":false},"excerpt":{"rendered":"<p>Linusit Magenschutz Classic 10 g ist ein hochwirksames Leinsamenpulver, welches die Schleimhaut des Magens als nat\u00fcrliche Basistherapie bei allen Magenbeschwerden sch\u00fctzt. Linusit Leinsamen enthalten besonders viele l\u00f6sliche, gelbildende Ballaststoffe. Durch einen Aufguss mit hei\u00dfem Wasser werden diese freigesetzt und legen sich nach dem Einnehmen wie ein Schutzfilm auf die empfindliche Magenschleimhaut.<\/p>\n","protected":false},"featured_media":98156,"template":"","meta":{"_acf_changed":false},"product_brand":[],"product_cat":[317],"product_tag":[],"class_list":{"0":"post-98154","1":"product","2":"type-product","3":"status-publish","4":"has-post-thumbnail","6":"product_cat-l","7":"pa_packungsgroesse-12-beutel","9":"first","10":"instock","11":"shipping-taxable","12":"purchasable","13":"product-type-simple"},"acf":[],"_links":{"self":[{"href":"https:\/\/www.hirtenberg-apotheke.at\/katalog\/wp-json\/wp\/v2\/product\/98154","targetHints":{"allow":["GET"]}}],"collection":[{"href":"https:\/\/www.hirtenberg-apotheke.at\/katalog\/wp-json\/wp\/v2\/product"}],"about":[{"href":"https:\/\/www.hirtenberg-apotheke.at\/katalog\/wp-json\/wp\/v2\/types\/product"}],"wp:featuredmedia":[{"embeddable":true,"href":"https:\/\/www.hirtenberg-apotheke.at\/katalog\/wp-json\/wp\/v2\/media\/98156"}],"wp:attachment":[{"href":"https:\/\/www.hirtenberg-apotheke.at\/katalog\/wp-json\/wp\/v2\/media?parent=98154"}],"wp:term":[{"taxonomy":"product_brand","embeddable":true,"href":"https:\/\/www.hirtenberg-apotheke.at\/katalog\/wp-json\/wp\/v2\/product_brand?post=98154"},{"taxonomy":"product_cat","embeddable":true,"href":"https:\/\/www.hirtenberg-apotheke.at\/katalog\/wp-json\/wp\/v2\/product_cat?post=98154"},{"taxonomy":"product_tag","embeddable":true,"href":"https:\/\/www.hirtenberg-apotheke.at\/katalog\/wp-json\/wp\/v2\/product_tag?post=98154"}],"curies":[{"name":"wp","href":"https:\/\/api.w.org\/{rel}","templated":true}]}}